{"id":94,"date":"2020-01-12T18:06:58","date_gmt":"2020-01-12T18:06:58","guid":{"rendered":"http:\/\/rahabart.de\/de\/?page_id=94"},"modified":"2022-03-12T15:50:23","modified_gmt":"2022-03-12T15:50:23","slug":"vierten-bruecke-ahvaz","status":"publish","type":"page","link":"https:\/\/rahabart.de\/de\/projekte\/vierten-bruecke-ahvaz\/","title":{"rendered":"Vierten Br\u00fccke-Ahvaz"},"content":{"rendered":"\n<p><strong>Projektname<\/strong>: Mauer an der ausfahrt der Vierten Br\u00fccke<br><strong>Projektort<\/strong>: Ahvaz<br>Gruppenzusammenarbeit: Baniye Tarahan Alborz<br><strong>Ausf\u00fchrungszeit:<\/strong> 2011<br><strong>Projektbereich:<\/strong> 700 Quadratmeter<\/p>\n\n\n\n<figure class=\"wp-container-2 wp-block-gallery-1 wp-block-gallery has-nested-images columns-4 is-cropped\">\n<figure class=\"wp-block-image size-large\"><img fetchpriority=\"high\" width=\"1024\" height=\"730\" data-id=\"95\"  src=\"http:\/\/rahabart.de\/de\/wp-content\/uploads\/2020\/01\/photo_2020-01-09_17-08-37-1024x730.jpg\" alt=\"\" class=\"wp-image-95\" srcset=\"https:\/\/rahabart.de\/de\/wp-content\/uploads\/2020\/01\/photo_2020-01-09_17-08-37-1024x730.jpg 1024w, https:\/\/rahabart.de\/de\/wp-content\/uploads\/2020\/01\/photo_2020-01-09_17-08-37-300x214.jpg 300w, https:\/\/rahabart.de\/de\/wp-content\/uploads\/2020\/01\/photo_2020-01-09_17-08-37-768x548.jpg 768w, https:\/\/rahabart.de\/de\/wp-content\/uploads\/2020\/01\/photo_2020-01-09_17-08-37.jpg 1280w\" sizes=\"(max-width: 1024px) 100vw, 1024px\" \/><figcaption>Vierten Br\u00fccke-Ahvaz<\/figcaption><\/figure>\n\n\n\n<figure class=\"wp-block-image size-large\"><img width=\"1024\" height=\"618\" data-id=\"96\"  src=\"http:\/\/rahabart.de\/de\/wp-content\/uploads\/2020\/01\/photo_2020-01-09_17-08-43-1024x618.jpg\" alt=\"\" class=\"wp-image-96\" srcset=\"https:\/\/rahabart.de\/de\/wp-content\/uploads\/2020\/01\/photo_2020-01-09_17-08-43-1024x618.jpg 1024w, https:\/\/rahabart.de\/de\/wp-content\/uploads\/2020\/01\/photo_2020-01-09_17-08-43-300x181.jpg 300w, https:\/\/rahabart.de\/de\/wp-content\/uploads\/2020\/01\/photo_2020-01-09_17-08-43-768x463.jpg 768w, https:\/\/rahabart.de\/de\/wp-content\/uploads\/2020\/01\/photo_2020-01-09_17-08-43.jpg 1280w\" sizes=\"(max-width: 1024px) 100vw, 1024px\" \/><figcaption>Vierten Br\u00fccke-Ahvaz<\/figcaption><\/figure>\n\n\n\n<figure class=\"wp-block-image size-large\"><img width=\"1024\" height=\"610\" data-id=\"97\"  src=\"http:\/\/rahabart.de\/de\/wp-content\/uploads\/2020\/01\/photo_2020-01-09_17-08-45-1024x610.jpg\" alt=\"\" class=\"wp-image-97\" srcset=\"https:\/\/rahabart.de\/de\/wp-content\/uploads\/2020\/01\/photo_2020-01-09_17-08-45-1024x610.jpg 1024w, https:\/\/rahabart.de\/de\/wp-content\/uploads\/2020\/01\/photo_2020-01-09_17-08-45-300x179.jpg 300w, https:\/\/rahabart.de\/de\/wp-content\/uploads\/2020\/01\/photo_2020-01-09_17-08-45-768x458.jpg 768w, https:\/\/rahabart.de\/de\/wp-content\/uploads\/2020\/01\/photo_2020-01-09_17-08-45.jpg 1280w\" sizes=\"(max-width: 1024px) 100vw, 1024px\" \/><figcaption>Vierten Br\u00fccke-Ahvaz<\/figcaption><\/figure>\n\n\n\n<figure class=\"wp-block-image size-large\"><img loading=\"lazy\" width=\"1024\" height=\"510\" data-id=\"98\"  src=\"http:\/\/rahabart.de\/de\/wp-content\/uploads\/2020\/01\/photo_2020-01-09_17-08-48-1024x510.jpg\" alt=\"\" class=\"wp-image-98\" srcset=\"https:\/\/rahabart.de\/de\/wp-content\/uploads\/2020\/01\/photo_2020-01-09_17-08-48-1024x510.jpg 1024w, https:\/\/rahabart.de\/de\/wp-content\/uploads\/2020\/01\/photo_2020-01-09_17-08-48-300x150.jpg 300w, https:\/\/rahabart.de\/de\/wp-content\/uploads\/2020\/01\/photo_2020-01-09_17-08-48-768x383.jpg 768w, https:\/\/rahabart.de\/de\/wp-content\/uploads\/2020\/01\/photo_2020-01-09_17-08-48.jpg 1280w\" sizes=\"(max-width: 1024px) 100vw, 1024px\" \/><figcaption>Vierten Br\u00fccke-Ahvaz<\/figcaption><\/figure>\n\n\n\n<figure class=\"wp-block-image size-large\"><img loading=\"lazy\" width=\"1024\" height=\"898\" data-id=\"99\"  src=\"http:\/\/rahabart.de\/de\/wp-content\/uploads\/2020\/01\/photo_2020-01-09_17-08-53-1024x898.jpg\" alt=\"\" class=\"wp-image-99\" srcset=\"https:\/\/rahabart.de\/de\/wp-content\/uploads\/2020\/01\/photo_2020-01-09_17-08-53-1024x898.jpg 1024w, https:\/\/rahabart.de\/de\/wp-content\/uploads\/2020\/01\/photo_2020-01-09_17-08-53-300x263.jpg 300w, https:\/\/rahabart.de\/de\/wp-content\/uploads\/2020\/01\/photo_2020-01-09_17-08-53-768x674.jpg 768w, https:\/\/rahabart.de\/de\/wp-content\/uploads\/2020\/01\/photo_2020-01-09_17-08-53.jpg 1091w\" sizes=\"(max-width: 1024px) 100vw, 1024px\" \/><figcaption>Vierten Br\u00fccke-Ahvaz<\/figcaption><\/figure>\n\n\n\n<figure class=\"wp-block-image size-large\"><img loading=\"lazy\" width=\"1024\" height=\"1018\" data-id=\"100\"  src=\"http:\/\/rahabart.de\/de\/wp-content\/uploads\/2020\/01\/photo_2020-01-09_17-08-56-1024x1018.jpg\" alt=\"\" class=\"wp-image-100\" srcset=\"https:\/\/rahabart.de\/de\/wp-content\/uploads\/2020\/01\/photo_2020-01-09_17-08-56-1024x1018.jpg 1024w, https:\/\/rahabart.de\/de\/wp-content\/uploads\/2020\/01\/photo_2020-01-09_17-08-56-300x298.jpg 300w, https:\/\/rahabart.de\/de\/wp-content\/uploads\/2020\/01\/photo_2020-01-09_17-08-56-150x150.jpg 150w, https:\/\/rahabart.de\/de\/wp-content\/uploads\/2020\/01\/photo_2020-01-09_17-08-56-768x763.jpg 768w, https:\/\/rahabart.de\/de\/wp-content\/uploads\/2020\/01\/photo_2020-01-09_17-08-56.jpg 1125w\" sizes=\"(max-width: 1024px) 100vw, 1024px\" \/><figcaption>Vierten Br\u00fccke-Ahvaz<\/figcaption><\/figure>\n\n\n\n<figure class=\"wp-block-image size-large\"><img loading=\"lazy\" width=\"1024\" height=\"983\" data-id=\"101\"  src=\"http:\/\/rahabart.de\/de\/wp-content\/uploads\/2020\/01\/photo_2020-01-09_17-08-58-1024x983.jpg\" alt=\"\" class=\"wp-image-101\" srcset=\"https:\/\/rahabart.de\/de\/wp-content\/uploads\/2020\/01\/photo_2020-01-09_17-08-58-1024x983.jpg 1024w, https:\/\/rahabart.de\/de\/wp-content\/uploads\/2020\/01\/photo_2020-01-09_17-08-58-300x288.jpg 300w, https:\/\/rahabart.de\/de\/wp-content\/uploads\/2020\/01\/photo_2020-01-09_17-08-58-768x738.jpg 768w, https:\/\/rahabart.de\/de\/wp-content\/uploads\/2020\/01\/photo_2020-01-09_17-08-58.jpg 1087w\" sizes=\"(max-width: 1024px) 100vw, 1024px\" \/><figcaption>Vierten Br\u00fccke-Ahvaz<\/figcaption><\/figure>\n<\/figure>\n\n\n\n<p><strong>Projektbeschreibung:<\/strong> Dieses Projekt ist ein Zeichen f\u00fcr Irans reiche Teppich- und Kelimkunst. Die Harmonie der lebendigen Farben der urspr\u00fcnglichen einheimischen Gem\u00e4lde und die Vielfalt der auff\u00e4lligen Designs verbl\u00fcffen jeden Betrachter.<\/p>\n","protected":false},"excerpt":{"rendered":"<p>Projektname: Mauer an der ausfahrt der Vierten Br\u00fcckeProjektort: AhvazGruppenzusammenarbeit: Baniye Tarahan AlborzAusf\u00fchrungszeit: 2011Projektbereich: 700 Quadratmeter Projektbeschreibung: Dieses Projekt ist ein Zeichen f\u00fcr Irans reiche Teppich- und Kelimkunst. Die Harmonie der lebendigen Farben der urspr\u00fcnglichen einheimischen Gem\u00e4lde und die Vielfalt der auff\u00e4lligen Designs verbl\u00fcffen jeden Betrachter.<\/p>\n","protected":false},"author":1,"featured_media":0,"parent":579,"menu_order":0,"comment_status":"closed","ping_status":"closed","template":"","meta":{"_mi_skip_tracking":false},"_links":{"self":[{"href":"https:\/\/rahabart.de\/de\/wp-json\/wp\/v2\/pages\/94"}],"collection":[{"href":"https:\/\/rahabart.de\/de\/wp-json\/wp\/v2\/pages"}],"about":[{"href":"https:\/\/rahabart.de\/de\/wp-json\/wp\/v2\/types\/page"}],"author":[{"embeddable":true,"href":"https:\/\/rahabart.de\/de\/wp-json\/wp\/v2\/users\/1"}],"replies":[{"embeddable":true,"href":"https:\/\/rahabart.de\/de\/wp-json\/wp\/v2\/comments?post=94"}],"version-history":[{"count":7,"href":"https:\/\/rahabart.de\/de\/wp-json\/wp\/v2\/pages\/94\/revisions"}],"predecessor-version":[{"id":1024,"href":"https:\/\/rahabart.de\/de\/wp-json\/wp\/v2\/pages\/94\/revisions\/1024"}],"up":[{"embeddable":true,"href":"https:\/\/rahabart.de\/de\/wp-json\/wp\/v2\/pages\/579"}],"wp:attachment":[{"href":"https:\/\/rahabart.de\/de\/wp-json\/wp\/v2\/media?parent=94"}],"curies":[{"name":"wp","href":"https:\/\/api.w.org\/{rel}","templated":true}]}}