{"id":87,"date":"2020-01-12T17:49:13","date_gmt":"2020-01-12T17:49:13","guid":{"rendered":"http:\/\/rahabart.de\/de\/?page_id=87"},"modified":"2022-03-12T15:51:49","modified_gmt":"2022-03-12T15:51:49","slug":"rahband-brucke-ahvaz","status":"publish","type":"page","link":"https:\/\/rahabart.de\/de\/projekte\/rahband-brucke-ahvaz\/","title":{"rendered":"Rahband Br\u00fccke-Ahvaz"},"content":{"rendered":"\n<p><strong>Projektname<\/strong>: Br\u00fccken- und Unterf\u00fchrungsprojekt<br><strong>Projektort<\/strong>: Im Versch\u00f6nerungsvertrag der Stadt Ahvaz<br>Gruppenzusammenarbeit: Baniye Tarahan Alborz<br><strong>Ausf\u00fchrungszeit:<\/strong> 2012<br><strong>Projektbereich:<\/strong> 1400 Quadratmeter<br><\/p>\n\n\n\n<figure class=\"wp-container-2 wp-block-gallery-1 wp-block-gallery has-nested-images columns-default is-cropped\">\n<figure class=\"wp-block-image size-large\"><img fetchpriority=\"high\" width=\"1024\" height=\"628\" data-id=\"88\"  src=\"http:\/\/rahabart.de\/de\/wp-content\/uploads\/2020\/01\/photo_2020-01-09_17-06-27-1024x628.jpg\" alt=\"\" class=\"wp-image-88\" srcset=\"https:\/\/rahabart.de\/de\/wp-content\/uploads\/2020\/01\/photo_2020-01-09_17-06-27-1024x628.jpg 1024w, https:\/\/rahabart.de\/de\/wp-content\/uploads\/2020\/01\/photo_2020-01-09_17-06-27-300x184.jpg 300w, https:\/\/rahabart.de\/de\/wp-content\/uploads\/2020\/01\/photo_2020-01-09_17-06-27-768x471.jpg 768w, https:\/\/rahabart.de\/de\/wp-content\/uploads\/2020\/01\/photo_2020-01-09_17-06-27.jpg 1280w\" sizes=\"(max-width: 1024px) 100vw, 1024px\" \/><figcaption>Rahband Br\u00fccke-Ahvaz<\/figcaption><\/figure>\n\n\n\n<figure class=\"wp-block-image size-large\"><img width=\"1024\" height=\"715\" data-id=\"89\"  src=\"http:\/\/rahabart.de\/de\/wp-content\/uploads\/2020\/01\/photo_2020-01-09_17-06-32-1024x715.jpg\" alt=\"\" class=\"wp-image-89\" srcset=\"https:\/\/rahabart.de\/de\/wp-content\/uploads\/2020\/01\/photo_2020-01-09_17-06-32-1024x715.jpg 1024w, https:\/\/rahabart.de\/de\/wp-content\/uploads\/2020\/01\/photo_2020-01-09_17-06-32-300x210.jpg 300w, https:\/\/rahabart.de\/de\/wp-content\/uploads\/2020\/01\/photo_2020-01-09_17-06-32-768x536.jpg 768w, https:\/\/rahabart.de\/de\/wp-content\/uploads\/2020\/01\/photo_2020-01-09_17-06-32.jpg 1280w\" sizes=\"(max-width: 1024px) 100vw, 1024px\" \/><figcaption>Rahband Br\u00fccke-Ahvaz<\/figcaption><\/figure>\n\n\n\n<figure class=\"wp-block-image size-large\"><img width=\"1024\" height=\"1015\" data-id=\"90\"  src=\"http:\/\/rahabart.de\/de\/wp-content\/uploads\/2020\/01\/photo_2020-01-09_17-06-34-1024x1015.jpg\" alt=\"\" class=\"wp-image-90\" srcset=\"https:\/\/rahabart.de\/de\/wp-content\/uploads\/2020\/01\/photo_2020-01-09_17-06-34-1024x1015.jpg 1024w, https:\/\/rahabart.de\/de\/wp-content\/uploads\/2020\/01\/photo_2020-01-09_17-06-34-300x297.jpg 300w, https:\/\/rahabart.de\/de\/wp-content\/uploads\/2020\/01\/photo_2020-01-09_17-06-34-150x150.jpg 150w, https:\/\/rahabart.de\/de\/wp-content\/uploads\/2020\/01\/photo_2020-01-09_17-06-34-768x761.jpg 768w, https:\/\/rahabart.de\/de\/wp-content\/uploads\/2020\/01\/photo_2020-01-09_17-06-34.jpg 1125w\" sizes=\"(max-width: 1024px) 100vw, 1024px\" \/><figcaption>Rahband Br\u00fccke-Ahvaz<\/figcaption><\/figure>\n\n\n\n<figure class=\"wp-block-image size-large\"><img loading=\"lazy\" width=\"1024\" height=\"646\" data-id=\"91\"  src=\"http:\/\/rahabart.de\/de\/wp-content\/uploads\/2020\/01\/photo_2020-01-09_17-06-36-1024x646.jpg\" alt=\"\" class=\"wp-image-91\" srcset=\"https:\/\/rahabart.de\/de\/wp-content\/uploads\/2020\/01\/photo_2020-01-09_17-06-36-1024x646.jpg 1024w, https:\/\/rahabart.de\/de\/wp-content\/uploads\/2020\/01\/photo_2020-01-09_17-06-36-300x189.jpg 300w, https:\/\/rahabart.de\/de\/wp-content\/uploads\/2020\/01\/photo_2020-01-09_17-06-36-768x485.jpg 768w, https:\/\/rahabart.de\/de\/wp-content\/uploads\/2020\/01\/photo_2020-01-09_17-06-36.jpg 1125w\" sizes=\"(max-width: 1024px) 100vw, 1024px\" \/><figcaption>Rahband Br\u00fccke-Ahvaz<\/figcaption><\/figure>\n<\/figure>\n\n\n\n<p><strong>Projektbeschreibung:<\/strong> Das Projekt zielt darauf ab, die nat\u00fcrlichen Ressourcen der Stadt wie \u00d6lvorkommen und Raffinerien aufzuzeigen. Sch\u00f6ne Illustrationen stammen von den historischen Symbolen der Stadt sowie von der Er\u00f6ffnung der T\u00f6pferwaren der Stadt. Der Natur- und Naturraum der s\u00fcdlichen Region ist einfach und sch\u00f6n dargestellt, und Kultur und Kunst der V\u00f6lker des Landes im S\u00fcden Irans sind sichtbar. Das Projekt wurde beauftragt, die Stadt Ahvaz zu versch\u00f6nern.<\/p>\n","protected":false},"excerpt":{"rendered":"<p>Projektname: Br\u00fccken- und Unterf\u00fchrungsprojektProjektort: Im Versch\u00f6nerungsvertrag der Stadt AhvazGruppenzusammenarbeit: Baniye Tarahan AlborzAusf\u00fchrungszeit: 2012Projektbereich: 1400 Quadratmeter Projektbeschreibung: Das Projekt zielt darauf ab, die nat\u00fcrlichen Ressourcen der Stadt wie \u00d6lvorkommen und Raffinerien aufzuzeigen. Sch\u00f6ne Illustrationen stammen von den historischen Symbolen der Stadt sowie von der Er\u00f6ffnung der T\u00f6pferwaren der Stadt. Der Natur- und Naturraum der s\u00fcdlichen Region&hellip;<\/p>\n","protected":false},"author":1,"featured_media":0,"parent":579,"menu_order":0,"comment_status":"closed","ping_status":"closed","template":"","meta":{"_mi_skip_tracking":false},"_links":{"self":[{"href":"https:\/\/rahabart.de\/de\/wp-json\/wp\/v2\/pages\/87"}],"collection":[{"href":"https:\/\/rahabart.de\/de\/wp-json\/wp\/v2\/pages"}],"about":[{"href":"https:\/\/rahabart.de\/de\/wp-json\/wp\/v2\/types\/page"}],"author":[{"embeddable":true,"href":"https:\/\/rahabart.de\/de\/wp-json\/wp\/v2\/users\/1"}],"replies":[{"embeddable":true,"href":"https:\/\/rahabart.de\/de\/wp-json\/wp\/v2\/comments?post=87"}],"version-history":[{"count":8,"href":"https:\/\/rahabart.de\/de\/wp-json\/wp\/v2\/pages\/87\/revisions"}],"predecessor-version":[{"id":1029,"href":"https:\/\/rahabart.de\/de\/wp-json\/wp\/v2\/pages\/87\/revisions\/1029"}],"up":[{"embeddable":true,"href":"https:\/\/rahabart.de\/de\/wp-json\/wp\/v2\/pages\/579"}],"wp:attachment":[{"href":"https:\/\/rahabart.de\/de\/wp-json\/wp\/v2\/media?parent=87"}],"curies":[{"name":"wp","href":"https:\/\/api.w.org\/{rel}","templated":true}]}}