{"id":79,"date":"2020-01-12T17:45:42","date_gmt":"2020-01-12T17:45:42","guid":{"rendered":"http:\/\/rahabart.de\/de\/?page_id=79"},"modified":"2022-03-12T15:50:58","modified_gmt":"2022-03-12T15:50:58","slug":"shora-unterfuehrung-karaj","status":"publish","type":"page","link":"https:\/\/rahabart.de\/de\/projekte\/shora-unterfuehrung-karaj\/","title":{"rendered":"Shora Unterf\u00fchrung-Karaj"},"content":{"rendered":"\n<p><strong>Projektname<\/strong>: Unterf\u00fchrungsprojekt \u201eTraumstadt\u201c-Shora<br><strong>Projektort<\/strong>: Im Versch\u00f6nerungsvertrag der Stadt Karaj<br>Gruppenzusammenarbeit: Baniye Tarahan Alborz<br><strong>Ausf\u00fchrungszeit:<\/strong>&nbsp; 2010<br><strong>Projektbereich<\/strong>: 4000 Quadratmeter.<br><\/p>\n\n\n\n<figure class=\"wp-container-2 wp-block-gallery-1 wp-block-gallery has-nested-images columns-default is-cropped\">\n<figure class=\"wp-block-image size-large\"><img fetchpriority=\"high\" width=\"1024\" height=\"456\" data-id=\"80\"  src=\"http:\/\/rahabart.de\/de\/wp-content\/uploads\/2020\/01\/photo_2020-01-09_17-04-32-1024x456.jpg\" alt=\"\" class=\"wp-image-80\" srcset=\"https:\/\/rahabart.de\/de\/wp-content\/uploads\/2020\/01\/photo_2020-01-09_17-04-32-1024x456.jpg 1024w, https:\/\/rahabart.de\/de\/wp-content\/uploads\/2020\/01\/photo_2020-01-09_17-04-32-300x134.jpg 300w, https:\/\/rahabart.de\/de\/wp-content\/uploads\/2020\/01\/photo_2020-01-09_17-04-32-768x342.jpg 768w, https:\/\/rahabart.de\/de\/wp-content\/uploads\/2020\/01\/photo_2020-01-09_17-04-32.jpg 1280w\" sizes=\"(max-width: 1024px) 100vw, 1024px\" \/><figcaption>Shora Unterf\u00fchrung-Karaj<\/figcaption><\/figure>\n\n\n\n<figure class=\"wp-block-image size-large\"><img width=\"1024\" height=\"670\" data-id=\"81\"  src=\"http:\/\/rahabart.de\/de\/wp-content\/uploads\/2020\/01\/photo_2020-01-09_17-04-38-1024x670.jpg\" alt=\"\" class=\"wp-image-81\" srcset=\"https:\/\/rahabart.de\/de\/wp-content\/uploads\/2020\/01\/photo_2020-01-09_17-04-38-1024x670.jpg 1024w, https:\/\/rahabart.de\/de\/wp-content\/uploads\/2020\/01\/photo_2020-01-09_17-04-38-300x196.jpg 300w, https:\/\/rahabart.de\/de\/wp-content\/uploads\/2020\/01\/photo_2020-01-09_17-04-38-768x503.jpg 768w, https:\/\/rahabart.de\/de\/wp-content\/uploads\/2020\/01\/photo_2020-01-09_17-04-38.jpg 1280w\" sizes=\"(max-width: 1024px) 100vw, 1024px\" \/><figcaption>Shora Unterf\u00fchrung-Karaj<\/figcaption><\/figure>\n\n\n\n<figure class=\"wp-block-image size-large\"><img width=\"1024\" height=\"1004\" data-id=\"82\"  src=\"http:\/\/rahabart.de\/de\/wp-content\/uploads\/2020\/01\/photo_2020-01-09_17-04-40-1024x1004.jpg\" alt=\"\" class=\"wp-image-82\" srcset=\"https:\/\/rahabart.de\/de\/wp-content\/uploads\/2020\/01\/photo_2020-01-09_17-04-40-1024x1004.jpg 1024w, https:\/\/rahabart.de\/de\/wp-content\/uploads\/2020\/01\/photo_2020-01-09_17-04-40-300x294.jpg 300w, https:\/\/rahabart.de\/de\/wp-content\/uploads\/2020\/01\/photo_2020-01-09_17-04-40-768x753.jpg 768w, https:\/\/rahabart.de\/de\/wp-content\/uploads\/2020\/01\/photo_2020-01-09_17-04-40.jpg 1125w\" sizes=\"(max-width: 1024px) 100vw, 1024px\" \/><figcaption>Shora Unterf\u00fchrung-Karaj<\/figcaption><\/figure>\n\n\n\n<figure class=\"wp-block-image size-large\"><img loading=\"lazy\" width=\"1024\" height=\"1017\" data-id=\"83\"  src=\"http:\/\/rahabart.de\/de\/wp-content\/uploads\/2020\/01\/photo_2020-01-09_17-04-42-1024x1017.jpg\" alt=\"\" class=\"wp-image-83\" srcset=\"https:\/\/rahabart.de\/de\/wp-content\/uploads\/2020\/01\/photo_2020-01-09_17-04-42-1024x1017.jpg 1024w, https:\/\/rahabart.de\/de\/wp-content\/uploads\/2020\/01\/photo_2020-01-09_17-04-42-300x298.jpg 300w, https:\/\/rahabart.de\/de\/wp-content\/uploads\/2020\/01\/photo_2020-01-09_17-04-42-150x150.jpg 150w, https:\/\/rahabart.de\/de\/wp-content\/uploads\/2020\/01\/photo_2020-01-09_17-04-42-768x762.jpg 768w, https:\/\/rahabart.de\/de\/wp-content\/uploads\/2020\/01\/photo_2020-01-09_17-04-42.jpg 1099w\" sizes=\"(max-width: 1024px) 100vw, 1024px\" \/><figcaption>Shora Unterf\u00fchrung-Karaj<\/figcaption><\/figure>\n\n\n\n<figure class=\"wp-block-image size-large\"><img loading=\"lazy\" width=\"1024\" height=\"1000\" data-id=\"84\"  src=\"http:\/\/rahabart.de\/de\/wp-content\/uploads\/2020\/01\/photo_2020-01-09_17-04-46-1024x1000.jpg\" alt=\"\" class=\"wp-image-84\" srcset=\"https:\/\/rahabart.de\/de\/wp-content\/uploads\/2020\/01\/photo_2020-01-09_17-04-46-1024x1000.jpg 1024w, https:\/\/rahabart.de\/de\/wp-content\/uploads\/2020\/01\/photo_2020-01-09_17-04-46-300x293.jpg 300w, https:\/\/rahabart.de\/de\/wp-content\/uploads\/2020\/01\/photo_2020-01-09_17-04-46-768x750.jpg 768w, https:\/\/rahabart.de\/de\/wp-content\/uploads\/2020\/01\/photo_2020-01-09_17-04-46.jpg 1125w\" sizes=\"(max-width: 1024px) 100vw, 1024px\" \/><figcaption>Shora Unterf\u00fchrung-Karaj<\/figcaption><\/figure>\n<\/figure>\n\n\n\n<p><strong>Projektbeschreibung:<\/strong> Dies ist ein \u201eTraumstadtprojekt\u201c. Aufgrund des Verkehrsstaus und der raschen Verst\u00e4dterung der St\u00e4dte und der Verschmutzung des Tages und mehr im st\u00e4dtischen Raum wurde versucht, die Symbole der wahren W\u00fcnsche und Gedanken der Menschen aus einer angenehmen und begehrenswerten Stadt zusammenzubringen. Tats\u00e4chlich haben wir uns entschlossen, ein Bild f\u00fcr Menschen aus einer Stadt zu erstellen, die heute ein Traum in der realen Welt war: Am Installationsort lie\u00dfen wir das Projekt leer, um den Leuten einen Namen zu geben, und alle schrieben einen Namen: Dream of the City. Wir haben den Namen des Projekts nach vier Monaten mit der Meinung der B\u00fcrger installiert.<\/p>\n","protected":false},"excerpt":{"rendered":"<p>Projektname: Unterf\u00fchrungsprojekt \u201eTraumstadt\u201c-ShoraProjektort: Im Versch\u00f6nerungsvertrag der Stadt KarajGruppenzusammenarbeit: Baniye Tarahan AlborzAusf\u00fchrungszeit:&nbsp; 2010Projektbereich: 4000 Quadratmeter. Projektbeschreibung: Dies ist ein \u201eTraumstadtprojekt\u201c. Aufgrund des Verkehrsstaus und der raschen Verst\u00e4dterung der St\u00e4dte und der Verschmutzung des Tages und mehr im st\u00e4dtischen Raum wurde versucht, die Symbole der wahren W\u00fcnsche und Gedanken der Menschen aus einer angenehmen und begehrenswerten Stadt&hellip;<\/p>\n","protected":false},"author":1,"featured_media":0,"parent":579,"menu_order":0,"comment_status":"closed","ping_status":"closed","template":"","meta":{"_mi_skip_tracking":false},"_links":{"self":[{"href":"https:\/\/rahabart.de\/de\/wp-json\/wp\/v2\/pages\/79"}],"collection":[{"href":"https:\/\/rahabart.de\/de\/wp-json\/wp\/v2\/pages"}],"about":[{"href":"https:\/\/rahabart.de\/de\/wp-json\/wp\/v2\/types\/page"}],"author":[{"embeddable":true,"href":"https:\/\/rahabart.de\/de\/wp-json\/wp\/v2\/users\/1"}],"replies":[{"embeddable":true,"href":"https:\/\/rahabart.de\/de\/wp-json\/wp\/v2\/comments?post=79"}],"version-history":[{"count":7,"href":"https:\/\/rahabart.de\/de\/wp-json\/wp\/v2\/pages\/79\/revisions"}],"predecessor-version":[{"id":1026,"href":"https:\/\/rahabart.de\/de\/wp-json\/wp\/v2\/pages\/79\/revisions\/1026"}],"up":[{"embeddable":true,"href":"https:\/\/rahabart.de\/de\/wp-json\/wp\/v2\/pages\/579"}],"wp:attachment":[{"href":"https:\/\/rahabart.de\/de\/wp-json\/wp\/v2\/media?parent=79"}],"curies":[{"name":"wp","href":"https:\/\/api.w.org\/{rel}","templated":true}]}}