{"id":65,"date":"2020-01-12T17:30:33","date_gmt":"2020-01-12T17:30:33","guid":{"rendered":"http:\/\/rahabart.de\/de\/?page_id=65"},"modified":"2022-03-12T15:52:22","modified_gmt":"2022-03-12T15:52:22","slug":"durchgang-resalat-qom","status":"publish","type":"page","link":"https:\/\/rahabart.de\/de\/projekte\/durchgang-resalat-qom\/","title":{"rendered":"Resalat Durchgang -Qom"},"content":{"rendered":"\n<p><strong>Projektname<\/strong>:&nbsp;Die Mauer unter dem Durchgang \u201eResalat\u201c<br><strong>Projektort<\/strong>: Im Versch\u00f6nerungsvertrag der Stadt Qom<br>Gruppenzusammenarbeit: Baniye Tarahan Alborz<br><strong>Ausf\u00fchrungszeit:<\/strong> 2012<br><strong>Projektbereich:<\/strong> 176 Quadratmeter<br><\/p>\n\n\n\n<figure class=\"wp-container-2 wp-block-gallery-1 wp-block-gallery has-nested-images columns-4 is-cropped\">\n<figure class=\"wp-block-image size-large\"><img fetchpriority=\"high\" width=\"800\" height=\"600\" data-id=\"66\"  src=\"http:\/\/rahabart.de\/de\/wp-content\/uploads\/2020\/01\/photo_2020-01-09_17-00-042.jpg\" alt=\"\" class=\"wp-image-66\" srcset=\"https:\/\/rahabart.de\/de\/wp-content\/uploads\/2020\/01\/photo_2020-01-09_17-00-042.jpg 800w, https:\/\/rahabart.de\/de\/wp-content\/uploads\/2020\/01\/photo_2020-01-09_17-00-042-300x225.jpg 300w, https:\/\/rahabart.de\/de\/wp-content\/uploads\/2020\/01\/photo_2020-01-09_17-00-042-768x576.jpg 768w\" sizes=\"(max-width: 800px) 100vw, 800px\" \/><figcaption>Durchgang Resalat-Qom<\/figcaption><\/figure>\n\n\n\n<figure class=\"wp-block-image size-large\"><img width=\"800\" height=\"600\" data-id=\"67\"  src=\"http:\/\/rahabart.de\/de\/wp-content\/uploads\/2020\/01\/photo_2020-01-09_17-00-062.jpg\" alt=\"\" class=\"wp-image-67\" srcset=\"https:\/\/rahabart.de\/de\/wp-content\/uploads\/2020\/01\/photo_2020-01-09_17-00-062.jpg 800w, https:\/\/rahabart.de\/de\/wp-content\/uploads\/2020\/01\/photo_2020-01-09_17-00-062-300x225.jpg 300w, https:\/\/rahabart.de\/de\/wp-content\/uploads\/2020\/01\/photo_2020-01-09_17-00-062-768x576.jpg 768w\" sizes=\"(max-width: 800px) 100vw, 800px\" \/><figcaption>Durchgang Resalat-Qom<\/figcaption><\/figure>\n\n\n\n<figure class=\"wp-block-image size-large\"><img width=\"800\" height=\"600\" data-id=\"68\"  src=\"http:\/\/rahabart.de\/de\/wp-content\/uploads\/2020\/01\/photo_2020-01-09_17-00-082.jpg\" alt=\"\" class=\"wp-image-68\" srcset=\"https:\/\/rahabart.de\/de\/wp-content\/uploads\/2020\/01\/photo_2020-01-09_17-00-082.jpg 800w, https:\/\/rahabart.de\/de\/wp-content\/uploads\/2020\/01\/photo_2020-01-09_17-00-082-300x225.jpg 300w, https:\/\/rahabart.de\/de\/wp-content\/uploads\/2020\/01\/photo_2020-01-09_17-00-082-768x576.jpg 768w\" sizes=\"(max-width: 800px) 100vw, 800px\" \/><figcaption>Durchgang Resalat-Qom<\/figcaption><\/figure>\n\n\n\n<figure class=\"wp-block-image size-large\"><img loading=\"lazy\" width=\"700\" height=\"700\" data-id=\"69\"  src=\"http:\/\/rahabart.de\/de\/wp-content\/uploads\/2020\/01\/\u0628\u062f\u0646-\u062f\u06cc\u0648\u0627\u0631-\u0632\u06cc\u0631-\u06af\u0630\u0631-\u0631\u0633\u0627\u0644\u062a-\u0634\u0647\u0631-\u0642\u0645-1.jpg\" alt=\"\" class=\"wp-image-69\" srcset=\"https:\/\/rahabart.de\/de\/wp-content\/uploads\/2020\/01\/\u0628\u062f\u0646-\u062f\u06cc\u0648\u0627\u0631-\u0632\u06cc\u0631-\u06af\u0630\u0631-\u0631\u0633\u0627\u0644\u062a-\u0634\u0647\u0631-\u0642\u0645-1.jpg 700w, https:\/\/rahabart.de\/de\/wp-content\/uploads\/2020\/01\/\u0628\u062f\u0646-\u062f\u06cc\u0648\u0627\u0631-\u0632\u06cc\u0631-\u06af\u0630\u0631-\u0631\u0633\u0627\u0644\u062a-\u0634\u0647\u0631-\u0642\u0645-1-300x300.jpg 300w, https:\/\/rahabart.de\/de\/wp-content\/uploads\/2020\/01\/\u0628\u062f\u0646-\u062f\u06cc\u0648\u0627\u0631-\u0632\u06cc\u0631-\u06af\u0630\u0631-\u0631\u0633\u0627\u0644\u062a-\u0634\u0647\u0631-\u0642\u0645-1-150x150.jpg 150w\" sizes=\"(max-width: 700px) 100vw, 700px\" \/><figcaption>Durchgang Resalat-Qom<\/figcaption><\/figure>\n<\/figure>\n\n\n\n<p><strong>Projektbeschreibung:<\/strong> Der Grund f\u00fcr die Entscheidung f\u00fcr dieses Projekt ist, sich mit der Atmosph\u00e4re der persischen Kultur in Einklang zu bringen. Im persischen Raum hat der Simorgh-Vogel einen hohen Stellenwert.<br>Die Geschichte der Pr\u00e4senz dieses mythischen Huhns in der iranischen Kultur reicht bis in die vorislamische Zeit zur\u00fcck. Simorgh hat ein Nest auf dem heilenden Baum und in Ferdowsis Shahnameh gibt es zwei verschiedene G\u00f6tter- und Teufelsgesichter, die vollst\u00e4ndig beschrieben wurden.<\/p>\n","protected":false},"excerpt":{"rendered":"<p>Projektname:&nbsp;Die Mauer unter dem Durchgang \u201eResalat\u201cProjektort: Im Versch\u00f6nerungsvertrag der Stadt QomGruppenzusammenarbeit: Baniye Tarahan AlborzAusf\u00fchrungszeit: 2012Projektbereich: 176 Quadratmeter Projektbeschreibung: Der Grund f\u00fcr die Entscheidung f\u00fcr dieses Projekt ist, sich mit der Atmosph\u00e4re der persischen Kultur in Einklang zu bringen. Im persischen Raum hat der Simorgh-Vogel einen hohen Stellenwert.Die Geschichte der Pr\u00e4senz dieses mythischen Huhns in der&hellip;<\/p>\n","protected":false},"author":1,"featured_media":0,"parent":579,"menu_order":0,"comment_status":"closed","ping_status":"closed","template":"","meta":{"_mi_skip_tracking":false},"_links":{"self":[{"href":"https:\/\/rahabart.de\/de\/wp-json\/wp\/v2\/pages\/65"}],"collection":[{"href":"https:\/\/rahabart.de\/de\/wp-json\/wp\/v2\/pages"}],"about":[{"href":"https:\/\/rahabart.de\/de\/wp-json\/wp\/v2\/types\/page"}],"author":[{"embeddable":true,"href":"https:\/\/rahabart.de\/de\/wp-json\/wp\/v2\/users\/1"}],"replies":[{"embeddable":true,"href":"https:\/\/rahabart.de\/de\/wp-json\/wp\/v2\/comments?post=65"}],"version-history":[{"count":14,"href":"https:\/\/rahabart.de\/de\/wp-json\/wp\/v2\/pages\/65\/revisions"}],"predecessor-version":[{"id":1028,"href":"https:\/\/rahabart.de\/de\/wp-json\/wp\/v2\/pages\/65\/revisions\/1028"}],"up":[{"embeddable":true,"href":"https:\/\/rahabart.de\/de\/wp-json\/wp\/v2\/pages\/579"}],"wp:attachment":[{"href":"https:\/\/rahabart.de\/de\/wp-json\/wp\/v2\/media?parent=65"}],"curies":[{"name":"wp","href":"https:\/\/api.w.org\/{rel}","templated":true}]}}