{"id":60,"date":"2020-01-12T17:19:49","date_gmt":"2020-01-12T17:19:49","guid":{"rendered":"http:\/\/rahabart.de\/de\/?page_id=60"},"modified":"2022-03-12T15:53:02","modified_gmt":"2022-03-12T15:53:02","slug":"bonyads-kreuzung-qazvin","status":"publish","type":"page","link":"https:\/\/rahabart.de\/de\/projekte\/bonyads-kreuzung-qazvin\/","title":{"rendered":"Bonyad\u00b4s Kreuzung-Qazvin"},"content":{"rendered":"\n<p><strong>Projektname<\/strong>: Bonyad\u00b4s Kreuzung<br><strong>Projektort<\/strong>: Im Versch\u00f6nerungsvertrag der Stadt Qazvin<br>Gruppenzusammenarbeit: Baniye Tarahan Alborz<br><strong>Ausf\u00fchrungszeit:<\/strong> 2013<br><strong>Projektbereich:<\/strong> 400 Quadratmeter<\/p>\n\n\n\n<figure class=\"wp-container-2 wp-block-gallery-1 wp-block-gallery has-nested-images columns-default is-cropped\">\n<figure class=\"wp-block-image size-large\"><img fetchpriority=\"high\" width=\"1024\" height=\"690\" data-id=\"61\"  src=\"http:\/\/rahabart.de\/de\/wp-content\/uploads\/2020\/01\/photo_2020-01-09_17-04-00-1024x690.jpg\" alt=\"\" class=\"wp-image-61\" srcset=\"https:\/\/rahabart.de\/de\/wp-content\/uploads\/2020\/01\/photo_2020-01-09_17-04-00-1024x690.jpg 1024w, https:\/\/rahabart.de\/de\/wp-content\/uploads\/2020\/01\/photo_2020-01-09_17-04-00-300x202.jpg 300w, https:\/\/rahabart.de\/de\/wp-content\/uploads\/2020\/01\/photo_2020-01-09_17-04-00-768x518.jpg 768w, https:\/\/rahabart.de\/de\/wp-content\/uploads\/2020\/01\/photo_2020-01-09_17-04-00.jpg 1280w\" sizes=\"(max-width: 1024px) 100vw, 1024px\" \/><figcaption>Bonyad\u00b4s Kreuzung-Qazvin<\/figcaption><\/figure>\n\n\n\n<figure class=\"wp-block-image size-large\"><img width=\"526\" height=\"571\" data-id=\"62\"  src=\"http:\/\/rahabart.de\/de\/wp-content\/uploads\/2020\/01\/photo_2020-01-09_17-04-05.jpg\" alt=\"\" class=\"wp-image-62\" srcset=\"https:\/\/rahabart.de\/de\/wp-content\/uploads\/2020\/01\/photo_2020-01-09_17-04-05.jpg 526w, https:\/\/rahabart.de\/de\/wp-content\/uploads\/2020\/01\/photo_2020-01-09_17-04-05-276x300.jpg 276w\" sizes=\"(max-width: 526px) 100vw, 526px\" \/><figcaption>Bonyad\u00b4s Kreuzung-Qazvin<\/figcaption><\/figure>\n\n\n\n<figure class=\"wp-block-image size-large\"><img width=\"1024\" height=\"1024\" data-id=\"63\"  src=\"http:\/\/rahabart.de\/de\/wp-content\/uploads\/2020\/01\/photo_2020-01-09_17-04-07-1024x1024.jpg\" alt=\"\" class=\"wp-image-63\" srcset=\"https:\/\/rahabart.de\/de\/wp-content\/uploads\/2020\/01\/photo_2020-01-09_17-04-07-1024x1024.jpg 1024w, https:\/\/rahabart.de\/de\/wp-content\/uploads\/2020\/01\/photo_2020-01-09_17-04-07-300x300.jpg 300w, https:\/\/rahabart.de\/de\/wp-content\/uploads\/2020\/01\/photo_2020-01-09_17-04-07-150x150.jpg 150w, https:\/\/rahabart.de\/de\/wp-content\/uploads\/2020\/01\/photo_2020-01-09_17-04-07-768x768.jpg 768w, https:\/\/rahabart.de\/de\/wp-content\/uploads\/2020\/01\/photo_2020-01-09_17-04-07.jpg 1125w\" sizes=\"(max-width: 1024px) 100vw, 1024px\" \/><figcaption>Bonyad\u00b4s Kreuzung-Qazvin<\/figcaption><\/figure>\n<\/figure>\n\n\n\n<p><strong>Projektbeschreibung:<\/strong> Qazvin ist die Hauptstadt der Kalligraphie im Iran. Die bekanntesten iranischen Kalligrafen wurden in dieser Stadt geboren. In diesem Projekt haben wir versucht, kalligraphische Kunst und kulturelle Elemente dieser Stadt wie Kampfkunst, Martyrium, Tapferkeit und Mut zu kombinieren. Mit der Kunst der Kalligraphie haben wir das Martyrium und den Aufstieg der M\u00e4rtyrer dargestellt, aber auf eine Weise, die f\u00fcr die Stadt und ihre Eingeborenen einzigartig ist. Und dies ist ein Zeichen der Authentizit\u00e4t der Stadt Qazvin und ihrer Kultur und Kunst. Die Menschen in dieser Stadt haben im achtj\u00e4hrigen Krieg zwischen dem Iran und dem Irak viele M\u00e4rtyrer verloren, um die iranischen Grenzen zu sch\u00fctzen.<br>Persische Kalligraphie Dies ist eine der ber\u00fchmtesten K\u00fcnste in der iranischen Geschichte. Die iranische Kalligraphie ist Teil der islamischen Kalligraphie, die sich allm\u00e4hlich um die iranische Kultur im Iran und seinen abh\u00e4ngigen oder beeinflussten L\u00e4ndern wie Zentralasien, Afghanistan und dem indischen Subkontinent herum entwickelte. W\u00e4hrend ein Gro\u00dfteil der Umstellung des konventionellen Schreibens auf k\u00fcnstlerische Kalligraphie in der islamischen Welt in der Verantwortung der Iraner lag, entwickelten die Iraner nach und nach ihren eigenen Stil und Kalligraphiestil.<\/p>\n","protected":false},"excerpt":{"rendered":"<p>Projektname: Bonyad\u00b4s KreuzungProjektort: Im Versch\u00f6nerungsvertrag der Stadt QazvinGruppenzusammenarbeit: Baniye Tarahan AlborzAusf\u00fchrungszeit: 2013Projektbereich: 400 Quadratmeter Projektbeschreibung: Qazvin ist die Hauptstadt der Kalligraphie im Iran. Die bekanntesten iranischen Kalligrafen wurden in dieser Stadt geboren. In diesem Projekt haben wir versucht, kalligraphische Kunst und kulturelle Elemente dieser Stadt wie Kampfkunst, Martyrium, Tapferkeit und Mut zu kombinieren. Mit der&hellip;<\/p>\n","protected":false},"author":1,"featured_media":0,"parent":579,"menu_order":0,"comment_status":"closed","ping_status":"closed","template":"","meta":{"_mi_skip_tracking":false},"_links":{"self":[{"href":"https:\/\/rahabart.de\/de\/wp-json\/wp\/v2\/pages\/60"}],"collection":[{"href":"https:\/\/rahabart.de\/de\/wp-json\/wp\/v2\/pages"}],"about":[{"href":"https:\/\/rahabart.de\/de\/wp-json\/wp\/v2\/types\/page"}],"author":[{"embeddable":true,"href":"https:\/\/rahabart.de\/de\/wp-json\/wp\/v2\/users\/1"}],"replies":[{"embeddable":true,"href":"https:\/\/rahabart.de\/de\/wp-json\/wp\/v2\/comments?post=60"}],"version-history":[{"count":10,"href":"https:\/\/rahabart.de\/de\/wp-json\/wp\/v2\/pages\/60\/revisions"}],"predecessor-version":[{"id":1035,"href":"https:\/\/rahabart.de\/de\/wp-json\/wp\/v2\/pages\/60\/revisions\/1035"}],"up":[{"embeddable":true,"href":"https:\/\/rahabart.de\/de\/wp-json\/wp\/v2\/pages\/579"}],"wp:attachment":[{"href":"https:\/\/rahabart.de\/de\/wp-json\/wp\/v2\/media?parent=60"}],"curies":[{"name":"wp","href":"https:\/\/api.w.org\/{rel}","templated":true}]}}