{"id":294,"date":"2020-01-15T17:27:49","date_gmt":"2020-01-15T17:27:49","guid":{"rendered":"http:\/\/rahabart.de\/de\/?page_id=294"},"modified":"2024-08-22T16:27:51","modified_gmt":"2024-08-22T16:27:51","slug":"marziyeh-abbas-zadeh","status":"publish","type":"page","link":"https:\/\/rahabart.de\/de\/marziyeh-abbas-zadeh\/","title":{"rendered":"Marziyeh Abbas Zadeh"},"content":{"rendered":"\n<div class=\"wp-container-2 wp-block-columns\">\n<div class=\"wp-container-1 wp-block-column\"><div class=\"wp-block-image\">\n<figure class=\"aligncenter size-large is-resized\"><img fetchpriority=\"high\" src=\"http:\/\/rahabart.de\/de\/wp-content\/uploads\/2020\/01\/photo_2019-11-06_21-00-03-1-e1575205514753.jpg\" alt=\"\" class=\"wp-image-295\" width=\"299\" height=\"323\" srcset=\"https:\/\/rahabart.de\/de\/wp-content\/uploads\/2020\/01\/photo_2019-11-06_21-00-03-1-e1575205514753.jpg 300w, https:\/\/rahabart.de\/de\/wp-content\/uploads\/2020\/01\/photo_2019-11-06_21-00-03-1-e1575205514753-278x300.jpg 278w\" sizes=\"(max-width: 299px) 100vw, 299px\" \/><\/figure><\/div>\n\n\n<p><\/p>\n<\/div>\n<\/div>\n\n\n\n<p>Herzlich willkommen auf meiner Webseite! Mein Name ist Marziyeh AbbasZadeh, k\u00fcnstlerisch bekannt als Rahab. Ich bin Mosaikk\u00fcnstlerin mit Wurzeln im Iran und einem Herzen, das in der malerischen Umgebung D\u00fcsseldorfs schl\u00e4gt.<\/p>\n\n\n\n<p>Meine Reise begann nicht nur in der Mosaikkunst, sondern auch in der Architektur, die mich schon immer fasziniert hat. Besonders beeindruckt hat mich die Vision und die unkonventionelle Kreativit\u00e4t von Antoni Gaud\u00ed, dessen Arbeiten mich tief inspirierten. Diese Begeisterung f\u00fcr die innovative Verwendung von Materialien wie Stein und Fliesen hat mich von Anfang an begleitet. Mein kreativer Weg f\u00fchrte mich von der Modellierung mit Ton \u00fcber die Malerei auf Keramik bis hin zur Mosaikkunst. Seit 2009 widme ich mich intensiv dem Mosaikbereich, wo ich die Welt der Mosaike in all ihrer faszinierenden Tiefe entdecke.<\/p>\n\n\n\n<p>F\u00fcr mich sind Mosaiksteine nicht nur Materialien \u2013 sie sind die Essenz meiner kreativen Leidenschaft und die Ausdrucksform meines Lebens. Jedes Mosaikwerk, das ich erschaffe, ist mehr als nur eine Ansammlung von Farben und Formen. Es ist eine lebendige Erz\u00e4hlung, ein Puzzle aus Emotionen und Geschichten, das ich mit Hingabe und Liebe zusammenf\u00fcge. Mit Hammer, Mosaikzangen und Stein forme ich emotionale Landschaften, die st\u00e4dtische Umgebungen versch\u00f6nern und neue Perspektiven er\u00f6ffnen.<\/p>\n\n\n\n<p>Nach vielen Jahren der Arbeit an gro\u00dffl\u00e4chigen st\u00e4dtischen Projekten, gemeinsam mit meinem Meister, suchte ich nach einer neuen Form der Ausdruckskraft. Ich wollte die subtilen, oft verborgenen Emotionen des menschlichen Herzens in meine Kunst einflie\u00dfen lassen. Ein pr\u00e4gendes Erlebnis war die Reaktion eines Freundes, der nach dem Betrachten meiner Werke sagte, er h\u00e4tte nie gedacht, dass so feine Emotionen in Mosaiksteinen zu finden w\u00e4ren. Diese Worte inspirierten mich und f\u00fchrten zu meiner ersten Fachausstellung, die zeigte, dass Mosaikkunst nicht nur Technik ist, sondern eine tiefgehende Ausdrucksform.<\/p>\n\n\n\n<p>Ich lade Sie ein, meine Welt der Mosaike zu entdecken und sich von der Farbenpracht und den Geschichten, die jedes St\u00fcck erz\u00e4hlt, verzaubern zu lassen. Willkommen in meinem kreativen Universum, wo die Leidenschaft f\u00fcr Mosaiksteine seit 2009 zu lebendiger Kunst wird!<\/p>\n","protected":false},"excerpt":{"rendered":"<p>Herzlich willkommen auf meiner Webseite! Mein Name ist Marziyeh AbbasZadeh, k\u00fcnstlerisch bekannt als Rahab. Ich bin Mosaikk\u00fcnstlerin mit Wurzeln im Iran und einem Herzen, das in der malerischen Umgebung D\u00fcsseldorfs schl\u00e4gt. Meine Reise begann nicht nur in der Mosaikkunst, sondern auch in der Architektur, die mich schon immer fasziniert hat. Besonders beeindruckt hat mich die&hellip;<\/p>\n","protected":false},"author":1,"featured_media":0,"parent":0,"menu_order":0,"comment_status":"closed","ping_status":"closed","template":"","meta":{"_mi_skip_tracking":false},"_links":{"self":[{"href":"https:\/\/rahabart.de\/de\/wp-json\/wp\/v2\/pages\/294"}],"collection":[{"href":"https:\/\/rahabart.de\/de\/wp-json\/wp\/v2\/pages"}],"about":[{"href":"https:\/\/rahabart.de\/de\/wp-json\/wp\/v2\/types\/page"}],"author":[{"embeddable":true,"href":"https:\/\/rahabart.de\/de\/wp-json\/wp\/v2\/users\/1"}],"replies":[{"embeddable":true,"href":"https:\/\/rahabart.de\/de\/wp-json\/wp\/v2\/comments?post=294"}],"version-history":[{"count":5,"href":"https:\/\/rahabart.de\/de\/wp-json\/wp\/v2\/pages\/294\/revisions"}],"predecessor-version":[{"id":2166,"href":"https:\/\/rahabart.de\/de\/wp-json\/wp\/v2\/pages\/294\/revisions\/2166"}],"wp:attachment":[{"href":"https:\/\/rahabart.de\/de\/wp-json\/wp\/v2\/media?parent=294"}],"curies":[{"name":"wp","href":"https:\/\/api.w.org\/{rel}","templated":true}]}}