{"id":256,"date":"2020-01-14T19:34:12","date_gmt":"2020-01-14T19:34:12","guid":{"rendered":"http:\/\/rahabart.de\/de\/?page_id=256"},"modified":"2020-04-06T22:37:00","modified_gmt":"2020-04-06T22:37:00","slug":"rahab-art-konzept","status":"publish","type":"page","link":"https:\/\/rahabart.de\/de\/rahab-art-konzept\/","title":{"rendered":"Rahab Art Konzept"},"content":{"rendered":"\n<div class=\"wp-block-media-text alignwide\" style=\"grid-template-columns:36% auto\"><figure class=\"wp-block-media-text__media\"><img fetchpriority=\"high\" width=\"512\" height=\"193\" src=\"http:\/\/rahabart.de\/de\/wp-content\/uploads\/2020\/01\/icon2.jpg\" alt=\"\" class=\"wp-image-324\" srcset=\"https:\/\/rahabart.de\/de\/wp-content\/uploads\/2020\/01\/icon2.jpg 512w, https:\/\/rahabart.de\/de\/wp-content\/uploads\/2020\/01\/icon2-300x113.jpg 300w\" sizes=\"(max-width: 512px) 100vw, 512px\" \/><\/figure><div class=\"wp-block-media-text__content\">\n<p class=\"has-normal-font-size\"> In der Gegenwart spielt die Dekoration oder Gestaltung mit Fayencen oder Fliesen zur k\u00fcnstlerischen Versch\u00f6nerung der St\u00e4dte eine herausragende Rolle.<br> Diese Kunst erm\u00f6glicht Hand in Hand mit der Architektur eine neue und moderne Darstellung der St\u00e4dte. Sie kann, wenn sie richtig erkannt und eingesetzt wird, wegen ihrer k\u00fcnstlerisch, sch\u00f6nen und gl\u00e4nzenden Eigenschaften, gekoppelt mit der Kultur des jeweiligen Landes, einen bedeutenden Wert hervorbringen. Es ist erstrebenswert, mit k\u00fcnstlerischen Projekten, die Fayencen einsetzen, die grauen Fassaden einer Stadt zu verwandeln, ihnen ein heiteres Gesicht zu verleihen, damit Leben und Licht in den Stra\u00dfen und Gassen der Stadt einkehren. Graue W\u00e4nde, schwarze Tunnel, hohe leblose Geb\u00e4ude, langweiligen Bahnstatione, sowie Betonelemente der Stra\u00dfen wandeln sich so zu charismatischen Kunstwerken. Diese Projekte &nbsp;zielgerichtet eingesetzt- k\u00f6nnen das Stadtbild ma\u00dfgeblich ver\u00e4ndern. <\/p>\n<\/div><\/div>\n\n\n\n<p>Als eines der visuellen Elemente in st\u00e4dtischen Umgebungen nutzen visuelle Grafiken verschiedene M\u00f6glichkeiten, um die Kommunikation, die Wahrnehmung der Umgebung sowie die Schaffung einer visuellen Identit\u00e4t zu erleichtern. Einer der Hauptzweige von Umweltdiagrammen und visuellen Komponenten der Stadt. Die Erfahrung hat gezeigt, dass im Standortcluster der geeignete Standortindex des Effekts im Cluster der visuellen Struktur, der geeignete Farbkombinationsindex und im Cluster der Geb\u00e4udearchitektur und der Umgebung, der Index der fachlichen Eignung und der Inhalt des Effekts mit der Umwelt den gr\u00f6\u00dften Einfluss auf die B\u00fcrger haben k\u00f6nnen. Sei es Anhand der Ergebnisse verschiedener Projekte stellten wir fest, dass es Unterschiede zwischen den Wandgem\u00e4lden auf der Stra\u00dfe und auf dem Platz gab: In den Pausen war die Leserschaft der Fu\u00dfg\u00e4nger mehr als die Details und Proportionen der Komponenten der Farbkombinationen und das Thema der jeweiligen Arbeiten. Es gibt mehr Platz auf der Stra\u00dfe und die Menschen erhalten schnellere visuelle Botschaften und Wandinhalte. Und auf diese Weise haben wir gezeigt, dass das Erkennen dieser Kunst einen tiefgreifenden Einfluss darauf haben kann, den lieben B\u00fcrgern verschiedene Dinge zu vermitteln. Wandmalereien, die entsprechend der Architektur der Form, der Form und der Form des Feldes ausgef\u00fchrt werden, die mehrstufig und nicht durchgehend sind, erzeugen eine dynamische und visuelle Vielfalt in der Umgebung und ziehen mehr Betrachter an als andere Werke. .<\/p>\n\n\n\n<p class=\"has-text-align-center\">Rahab Mosaic Art Group<\/p>\n","protected":false},"excerpt":{"rendered":"<p>In der Gegenwart spielt die Dekoration oder Gestaltung mit Fayencen oder Fliesen zur k\u00fcnstlerischen Versch\u00f6nerung der St\u00e4dte eine herausragende Rolle. Diese Kunst erm\u00f6glicht Hand in Hand mit der Architektur eine neue und moderne Darstellung der St\u00e4dte. Sie kann, wenn sie richtig erkannt und eingesetzt wird, wegen ihrer k\u00fcnstlerisch, sch\u00f6nen und gl\u00e4nzenden Eigenschaften, gekoppelt mit der&hellip;<\/p>\n","protected":false},"author":1,"featured_media":0,"parent":0,"menu_order":0,"comment_status":"closed","ping_status":"closed","template":"","meta":{"_mi_skip_tracking":false},"_links":{"self":[{"href":"https:\/\/rahabart.de\/de\/wp-json\/wp\/v2\/pages\/256"}],"collection":[{"href":"https:\/\/rahabart.de\/de\/wp-json\/wp\/v2\/pages"}],"about":[{"href":"https:\/\/rahabart.de\/de\/wp-json\/wp\/v2\/types\/page"}],"author":[{"embeddable":true,"href":"https:\/\/rahabart.de\/de\/wp-json\/wp\/v2\/users\/1"}],"replies":[{"embeddable":true,"href":"https:\/\/rahabart.de\/de\/wp-json\/wp\/v2\/comments?post=256"}],"version-history":[{"count":9,"href":"https:\/\/rahabart.de\/de\/wp-json\/wp\/v2\/pages\/256\/revisions"}],"predecessor-version":[{"id":665,"href":"https:\/\/rahabart.de\/de\/wp-json\/wp\/v2\/pages\/256\/revisions\/665"}],"wp:attachment":[{"href":"https:\/\/rahabart.de\/de\/wp-json\/wp\/v2\/media?parent=256"}],"curies":[{"name":"wp","href":"https:\/\/api.w.org\/{rel}","templated":true}]}}