{"id":2141,"date":"2024-08-20T10:22:14","date_gmt":"2024-08-20T10:22:14","guid":{"rendered":"https:\/\/rahabart.de\/de\/?page_id=2141"},"modified":"2024-08-20T10:22:59","modified_gmt":"2024-08-20T10:22:59","slug":"schmuckdesign-workshop","status":"publish","type":"page","link":"https:\/\/rahabart.de\/de\/schmuckdesign-workshop\/","title":{"rendered":"Schmuckdesign-Workshop"},"content":{"rendered":"\n<div style=\"height:41px\" aria-hidden=\"true\" class=\"wp-block-spacer\"><\/div>\n\n\n\n<p><strong>Gestalten Sie Ihre eigenen Hochzeitssch\u00e4tze<\/strong><\/p>\n\n\n\n<div style=\"height:41px\" aria-hidden=\"true\" class=\"wp-block-spacer\"><\/div>\n\n\n\n<p>Tr\u00e4umen Sie davon, Ihre eigenen Hochzeitsringe oder Schmuckst\u00fccke zu entwerfen? In unserem exklusiven Schmuckdesign-Workshop k\u00f6nnen Sie unter fachkundiger Anleitung bedeutungsvolle und einzigartige Schmuckst\u00fccke herstellen, die Ihre Liebe symbolisieren.<\/p>\n\n\n\n<div style=\"height:41px\" aria-hidden=\"true\" class=\"wp-block-spacer\"><\/div>\n\n\n\n<p><strong>Was erwartet Sie?<\/strong><\/p>\n\n\n\n<ul><li><strong>Professionelle Anleitung:<\/strong> Ein erfahrener Schmuckdesignerin zeigt Ihnen Schritt f\u00fcr Schritt, wie Sie Ihre eigenen Schmuckst\u00fccke entwerfen und fertigen k\u00f6nnen.<\/li><li><strong>Hochwertige Materialien:<\/strong> Arbeiten Sie mit edlen Metallen, Edelsteinen und anderen hochwertigen Materialien.<\/li><li><strong>Kreative Freiheit:<\/strong> Schaffen Sie individuelle und bedeutungsvolle Schmuckst\u00fccke, die Ihre Liebe und Verbindung widerspiegeln.<\/li><li><strong>Inspirierende Umgebung:<\/strong> Genie\u00dfen Sie das kreative Arbeiten in unserem idyllischen Ateliergarten, einem Paradies voller Rosen und Trauben.<\/li><\/ul>\n\n\n\n<div style=\"height:41px\" aria-hidden=\"true\" class=\"wp-block-spacer\"><\/div>\n\n\n\n<p><strong>Warum dieser Workshop?<\/strong><\/p>\n\n\n\n<p>Ein Schmuckdesign-Workshop gibt Ihnen die M\u00f6glichkeit, etwas ganz Besonderes zu erschaffen. Ihre selbst gestalteten Schmuckst\u00fccke sind nicht nur wundersch\u00f6n, sondern auch ein einzigartiges Symbol Ihrer Liebe und ein wertvolles Erinnerungsst\u00fcck an Ihre Hochzeit.<\/p>\n\n\n\n<div style=\"height:41px\" aria-hidden=\"true\" class=\"wp-block-spacer\"><\/div>\n\n\n\n<p><strong>Jetzt buchen<\/strong><\/p>\n\n\n\n<p>Kontaktieren Sie uns, um Ihren Platz in unserem Schmuckdesign-Workshop zu sichern. Wir freuen uns darauf, mit Ihnen gemeinsam einzigartige Hochzeitssch\u00e4tze zu kreieren!<\/p>\n","protected":false},"excerpt":{"rendered":"<p>Gestalten Sie Ihre eigenen Hochzeitssch\u00e4tze Tr\u00e4umen Sie davon, Ihre eigenen Hochzeitsringe oder Schmuckst\u00fccke zu entwerfen? In unserem exklusiven Schmuckdesign-Workshop k\u00f6nnen Sie unter fachkundiger Anleitung bedeutungsvolle und einzigartige Schmuckst\u00fccke herstellen, die Ihre Liebe symbolisieren. Was erwartet Sie? Professionelle Anleitung: Ein erfahrener Schmuckdesignerin zeigt Ihnen Schritt f\u00fcr Schritt, wie Sie Ihre eigenen Schmuckst\u00fccke entwerfen und fertigen k\u00f6nnen.&hellip;<\/p>\n","protected":false},"author":1,"featured_media":0,"parent":0,"menu_order":0,"comment_status":"closed","ping_status":"closed","template":"","meta":{"_mi_skip_tracking":false},"_links":{"self":[{"href":"https:\/\/rahabart.de\/de\/wp-json\/wp\/v2\/pages\/2141"}],"collection":[{"href":"https:\/\/rahabart.de\/de\/wp-json\/wp\/v2\/pages"}],"about":[{"href":"https:\/\/rahabart.de\/de\/wp-json\/wp\/v2\/types\/page"}],"author":[{"embeddable":true,"href":"https:\/\/rahabart.de\/de\/wp-json\/wp\/v2\/users\/1"}],"replies":[{"embeddable":true,"href":"https:\/\/rahabart.de\/de\/wp-json\/wp\/v2\/comments?post=2141"}],"version-history":[{"count":2,"href":"https:\/\/rahabart.de\/de\/wp-json\/wp\/v2\/pages\/2141\/revisions"}],"predecessor-version":[{"id":2143,"href":"https:\/\/rahabart.de\/de\/wp-json\/wp\/v2\/pages\/2141\/revisions\/2143"}],"wp:attachment":[{"href":"https:\/\/rahabart.de\/de\/wp-json\/wp\/v2\/media?parent=2141"}],"curies":[{"name":"wp","href":"https:\/\/api.w.org\/{rel}","templated":true}]}}