{"id":2115,"date":"2024-08-20T08:35:09","date_gmt":"2024-08-20T08:35:09","guid":{"rendered":"https:\/\/rahabart.de\/de\/?page_id=2115"},"modified":"2024-08-20T08:41:12","modified_gmt":"2024-08-20T08:41:12","slug":"einzigartiger-kindergeburtstagskurs","status":"publish","type":"page","link":"https:\/\/rahabart.de\/de\/einzigartiger-kindergeburtstagskurs\/","title":{"rendered":"Einzigartiger Kindergeburtstagskurs"},"content":{"rendered":"\n<p>Alles Liebe zum Kindergeburtstag!<\/p>\n\n\n\n<p>Verleihen Sie dem Geburtstag Ihres Kindes das gewisse Etwas!<\/p>\n\n\n\n<div style=\"height:41px\" aria-hidden=\"true\" class=\"wp-block-spacer\"><\/div>\n\n\n\n<p>Im Atelier Rahab Mosaic Art erleben die kleinen G\u00e4ste eine unvergessliche Feier, bei der sie gemeinsam in die faszinierende Welt der Glaskunst eintauchen.<\/p>\n\n\n\n<div style=\"height:41px\" aria-hidden=\"true\" class=\"wp-block-spacer\"><\/div>\n\n\n\n<p>Unser Geburtstagspaket beinhaltet:<\/p>\n\n\n\n<p>&#8211; Farbenfroher Geburtstagstisch: Ein bunt gedeckter Tisch sorgt f\u00fcr die richtige Geburtstagsstimmung.<\/p>\n\n\n\n<p>&#8211; Kreativspa\u00df in Rahab&#8217;s Werkstatt: Jedes Kind kann sich bei einem individuellen Kreativprogramm frei entfalten und sein eigenes Kunstwerk gestalten.<\/p>\n\n\n\n<p>&#8211; \u00dcberraschungsgeschenk: Das Geburtstagskind erh\u00e4lt ein kleines, pers\u00f6nliches Geschenk.<\/p>\n\n\n\n<div style=\"height:41px\" aria-hidden=\"true\" class=\"wp-block-spacer\"><\/div>\n\n\n\n<p>Kreativangebote: Die Kinder k\u00f6nnen zwischen spannenden Projekten wie Glascollagen, Mosaikfotorahmen, Malerei, und vielem mehr nach W\u00fcnsch w\u00e4hlen. (Materialkosten inklusive)<\/p>\n\n\n\n<div style=\"height:41px\" aria-hidden=\"true\" class=\"wp-block-spacer\"><\/div>\n\n\n\n<p>Was Sie mitbringen sollten: Getr\u00e4nke und Snacks Dauer: ca. 2 Stunden Termine: Bitte vereinbaren Sie Ihren Wunschtermin innerhalb unserer \u00d6ffnungszeiten.<\/p>\n\n\n\n<div style=\"height:41px\" aria-hidden=\"true\" class=\"wp-block-spacer\"><\/div>\n\n\n\n<p>Kosten: Der Workshop kostet 160 \u20ac f\u00fcr bis zu 10 Kinder und eine Begleitperson, inklusive Eintritts- und Materialkosten. Sonntags erheben wir einen Zuschlag von 5 \u20ac. Jedes weitere Kind kostet 5 \u20ac extra. Vorkasse erforderlich. Aus Versicherungsgr\u00fcnden muss mindestens ein Elternteil anwesend sein.<\/p>\n\n\n\n<div style=\"height:41px\" aria-hidden=\"true\" class=\"wp-block-spacer\"><\/div>\n\n\n\n<p>\u00d6ffnungszeiten: Montag bis Mittwoch von 10 \u2013 18 Uhr Samstag von 9 \u2013 10 Uhr<\/p>\n\n\n\n<div style=\"height:41px\" aria-hidden=\"true\" class=\"wp-block-spacer\"><\/div>\n\n\n\n<p>Kontakt: Helmutstra\u00dfe 14, 40472 D\u00fcsseldorf rahabart@outlook.com www.rahabart.de Instagram: @rahabart<\/p>\n","protected":false},"excerpt":{"rendered":"<p>Alles Liebe zum Kindergeburtstag! Verleihen Sie dem Geburtstag Ihres Kindes das gewisse Etwas! Im Atelier Rahab Mosaic Art erleben die kleinen G\u00e4ste eine unvergessliche Feier, bei der sie gemeinsam in die faszinierende Welt der Glaskunst eintauchen. Unser Geburtstagspaket beinhaltet: &#8211; Farbenfroher Geburtstagstisch: Ein bunt gedeckter Tisch sorgt f\u00fcr die richtige Geburtstagsstimmung. &#8211; Kreativspa\u00df in Rahab&#8217;s&hellip;<\/p>\n","protected":false},"author":1,"featured_media":0,"parent":0,"menu_order":0,"comment_status":"closed","ping_status":"closed","template":"","meta":{"_mi_skip_tracking":false},"_links":{"self":[{"href":"https:\/\/rahabart.de\/de\/wp-json\/wp\/v2\/pages\/2115"}],"collection":[{"href":"https:\/\/rahabart.de\/de\/wp-json\/wp\/v2\/pages"}],"about":[{"href":"https:\/\/rahabart.de\/de\/wp-json\/wp\/v2\/types\/page"}],"author":[{"embeddable":true,"href":"https:\/\/rahabart.de\/de\/wp-json\/wp\/v2\/users\/1"}],"replies":[{"embeddable":true,"href":"https:\/\/rahabart.de\/de\/wp-json\/wp\/v2\/comments?post=2115"}],"version-history":[{"count":4,"href":"https:\/\/rahabart.de\/de\/wp-json\/wp\/v2\/pages\/2115\/revisions"}],"predecessor-version":[{"id":2120,"href":"https:\/\/rahabart.de\/de\/wp-json\/wp\/v2\/pages\/2115\/revisions\/2120"}],"wp:attachment":[{"href":"https:\/\/rahabart.de\/de\/wp-json\/wp\/v2\/media?parent=2115"}],"curies":[{"name":"wp","href":"https:\/\/api.w.org\/{rel}","templated":true}]}}