{"id":162,"date":"2020-01-12T18:51:01","date_gmt":"2020-01-12T18:51:01","guid":{"rendered":"http:\/\/rahabart.de\/de\/?page_id=162"},"modified":"2022-03-12T15:52:38","modified_gmt":"2022-03-12T15:52:38","slug":"skyline","status":"publish","type":"page","link":"https:\/\/rahabart.de\/de\/projekte\/skyline\/","title":{"rendered":"D\u00fcsseldorfer Skyline"},"content":{"rendered":"\n<p><strong>Projektname<\/strong>: D\u00fcsseldorfer Skyline<br><strong>Projektort<\/strong>: D\u00fcsseldorf<br><strong>Ausf\u00fchrungszeit:<\/strong> 2021<br><strong>Projektbereich:<\/strong> 9 Quadratmeter<\/p>\n\n\n\n<figure class=\"wp-container-2 wp-block-gallery-1 wp-block-gallery has-nested-images columns-4 is-cropped\">\n<figure class=\"wp-block-image size-large\"><img fetchpriority=\"high\" width=\"1024\" height=\"511\" data-id=\"164\"  src=\"http:\/\/rahabart.de\/de\/wp-content\/uploads\/2020\/01\/photo_2020-01-09_17-09-25-1024x511.jpg\" alt=\"\" class=\"wp-image-164\" srcset=\"https:\/\/rahabart.de\/de\/wp-content\/uploads\/2020\/01\/photo_2020-01-09_17-09-25-1024x511.jpg 1024w, https:\/\/rahabart.de\/de\/wp-content\/uploads\/2020\/01\/photo_2020-01-09_17-09-25-300x150.jpg 300w, https:\/\/rahabart.de\/de\/wp-content\/uploads\/2020\/01\/photo_2020-01-09_17-09-25-768x383.jpg 768w, https:\/\/rahabart.de\/de\/wp-content\/uploads\/2020\/01\/photo_2020-01-09_17-09-25.jpg 1280w\" sizes=\"(max-width: 1024px) 100vw, 1024px\" \/><figcaption>Skyline- D\u00fcsseldorf <\/figcaption><\/figure>\n\n\n\n<figure class=\"wp-block-image size-large\"><img width=\"768\" height=\"1024\" data-id=\"166\"  src=\"http:\/\/rahabart.de\/de\/wp-content\/uploads\/2020\/01\/photo_2020-01-09_17-09-46-768x1024.jpg\" alt=\"\" class=\"wp-image-166\" srcset=\"https:\/\/rahabart.de\/de\/wp-content\/uploads\/2020\/01\/photo_2020-01-09_17-09-46-768x1024.jpg 768w, https:\/\/rahabart.de\/de\/wp-content\/uploads\/2020\/01\/photo_2020-01-09_17-09-46-225x300.jpg 225w, https:\/\/rahabart.de\/de\/wp-content\/uploads\/2020\/01\/photo_2020-01-09_17-09-46.jpg 960w\" sizes=\"(max-width: 768px) 100vw, 768px\" \/><figcaption>Skyline- D\u00fcsseldorf <\/figcaption><\/figure>\n\n\n\n<figure class=\"wp-block-image size-large\"><img width=\"1024\" height=\"768\" data-id=\"165\"  src=\"http:\/\/rahabart.de\/de\/wp-content\/uploads\/2020\/01\/photo_2020-01-09_17-09-41-1024x768.jpg\" alt=\"\" class=\"wp-image-165\" srcset=\"https:\/\/rahabart.de\/de\/wp-content\/uploads\/2020\/01\/photo_2020-01-09_17-09-41-1024x768.jpg 1024w, https:\/\/rahabart.de\/de\/wp-content\/uploads\/2020\/01\/photo_2020-01-09_17-09-41-300x225.jpg 300w, https:\/\/rahabart.de\/de\/wp-content\/uploads\/2020\/01\/photo_2020-01-09_17-09-41-768x576.jpg 768w, https:\/\/rahabart.de\/de\/wp-content\/uploads\/2020\/01\/photo_2020-01-09_17-09-41.jpg 1280w\" sizes=\"(max-width: 1024px) 100vw, 1024px\" \/><figcaption>Skyline- D\u00fcsseldorf <\/figcaption><\/figure>\n\n\n\n<figure class=\"wp-block-image size-large\"><img loading=\"lazy\" width=\"1024\" height=\"768\" data-id=\"167\"  src=\"http:\/\/rahabart.de\/de\/wp-content\/uploads\/2020\/01\/photo_2020-01-09_17-09-35-1024x768.jpg\" alt=\"\" class=\"wp-image-167\" srcset=\"https:\/\/rahabart.de\/de\/wp-content\/uploads\/2020\/01\/photo_2020-01-09_17-09-35-1024x768.jpg 1024w, https:\/\/rahabart.de\/de\/wp-content\/uploads\/2020\/01\/photo_2020-01-09_17-09-35-300x225.jpg 300w, https:\/\/rahabart.de\/de\/wp-content\/uploads\/2020\/01\/photo_2020-01-09_17-09-35-768x576.jpg 768w, https:\/\/rahabart.de\/de\/wp-content\/uploads\/2020\/01\/photo_2020-01-09_17-09-35.jpg 1280w\" sizes=\"(max-width: 1024px) 100vw, 1024px\" \/><figcaption>Skyline- D\u00fcsseldorf <\/figcaption><\/figure>\n<\/figure>\n\n\n\n<p><strong>Projektbeschreibung:<\/strong> D\u00fcsseldorfer Skyline. Name des von AWISTA D\u00fcsseldorf in Auftrag gegebenen Projekts. Das Projekt ist abgeschlossen und bereit zur Umsetzung. Das Projekt ist etwa 10 Quadratmeter gro\u00df.<br>Die D\u00fcsseldorfer Skyline wurde von der Firma AWISTA in Auftrag gegeben. Das Projekt wird bald am Eingang der Firma \u00f6ffentlich zug\u00e4nglich sein.Die letzte Zeile des Geb\u00e4udes oder die Verbindungslinie zum Himmel oder der Ber\u00fchrungspunkt der Geb\u00e4ude \u00fcber der Horizontlinie wird Skyline genannt.<br>Eine sch\u00f6ne und regelm\u00e4\u00dfige Skyline ist vielleicht der einflussreichste Faktor f\u00fcr die Urbanisierung. Ein Faktor, der heutzutage aus der Sicht der Metropolen selten zu sehen ist. Deswegen werden in einigen L\u00e4ndern manchmal neue Geb\u00e4ude abgerissen, die ohne R\u00fccksicht auf dieses Problem gebaut wurden, um die Linie akzeptabel zu machen. Die Himmelslinie markiert die Geb\u00e4ude. Die Identit\u00e4t der Stadt wird auch durch Indizieren des Geb\u00e4udes anhand der Skyline hergestellt. Wenn wir an eine bestimmte Stadt denken, ist das erste Bild, das uns einf\u00e4llt, die Landschaft und die Stadtlandschaft. Die Stadtlandschaft ist in der Tat ein Fingerabdruck f\u00fcr eine Stadt, da die Landschaft jeder Stadt ziemlich einzigartig ist. Diese atemberaubenden Landschaften sind in der Tat k\u00fcnstliche Horizonte, die die Strukturen und Geb\u00e4ude einer Stadt schaffen. Ein einzigartiger Blick auf die gesamte oder einen Teil der Architektur einer Stadt mit einer Stadtsilhouette mit all ihren physischen K\u00f6rpern und biologischen Komplexen ist in erster Linie ein Ort zum Leben und zur Pflege. Hier manifestieren sich die Prinzipien, Werte und die Identit\u00e4t des Menschen.<\/p>\n","protected":false},"excerpt":{"rendered":"<p>Projektname: D\u00fcsseldorfer SkylineProjektort: D\u00fcsseldorfAusf\u00fchrungszeit: 2021Projektbereich: 9 Quadratmeter Projektbeschreibung: D\u00fcsseldorfer Skyline. Name des von AWISTA D\u00fcsseldorf in Auftrag gegebenen Projekts. Das Projekt ist abgeschlossen und bereit zur Umsetzung. Das Projekt ist etwa 10 Quadratmeter gro\u00df.Die D\u00fcsseldorfer Skyline wurde von der Firma AWISTA in Auftrag gegeben. Das Projekt wird bald am Eingang der Firma \u00f6ffentlich zug\u00e4nglich sein.Die&hellip;<\/p>\n","protected":false},"author":1,"featured_media":0,"parent":579,"menu_order":0,"comment_status":"closed","ping_status":"closed","template":"","meta":{"_mi_skip_tracking":false},"_links":{"self":[{"href":"https:\/\/rahabart.de\/de\/wp-json\/wp\/v2\/pages\/162"}],"collection":[{"href":"https:\/\/rahabart.de\/de\/wp-json\/wp\/v2\/pages"}],"about":[{"href":"https:\/\/rahabart.de\/de\/wp-json\/wp\/v2\/types\/page"}],"author":[{"embeddable":true,"href":"https:\/\/rahabart.de\/de\/wp-json\/wp\/v2\/users\/1"}],"replies":[{"embeddable":true,"href":"https:\/\/rahabart.de\/de\/wp-json\/wp\/v2\/comments?post=162"}],"version-history":[{"count":14,"href":"https:\/\/rahabart.de\/de\/wp-json\/wp\/v2\/pages\/162\/revisions"}],"predecessor-version":[{"id":1033,"href":"https:\/\/rahabart.de\/de\/wp-json\/wp\/v2\/pages\/162\/revisions\/1033"}],"up":[{"embeddable":true,"href":"https:\/\/rahabart.de\/de\/wp-json\/wp\/v2\/pages\/579"}],"wp:attachment":[{"href":"https:\/\/rahabart.de\/de\/wp-json\/wp\/v2\/media?parent=162"}],"curies":[{"name":"wp","href":"https:\/\/api.w.org\/{rel}","templated":true}]}}