{"id":156,"date":"2020-01-12T18:24:50","date_gmt":"2020-01-12T18:24:50","guid":{"rendered":"http:\/\/rahabart.de\/de\/?page_id=156"},"modified":"2022-03-12T15:52:00","modified_gmt":"2022-03-12T15:52:00","slug":"pools-ahvaz","status":"publish","type":"page","link":"https:\/\/rahabart.de\/de\/projekte\/pools-ahvaz\/","title":{"rendered":"Pools-Ahvaz"},"content":{"rendered":"\n<p><strong>Projektname<\/strong>:&nbsp;Pool<br><strong>Projektort<\/strong>: Im Versch\u00f6nerungsvertrag der Stadt Ahvaz<br>Gruppenzusammenarbeit: Baniye Tarahan Alborz<br><strong>Ausf\u00fchrungszeit:<\/strong> 2013<br><strong>Projektbereich:<\/strong> 200 Quadratmeter<br><\/p>\n\n\n\n<figure class=\"wp-container-2 wp-block-gallery-1 wp-block-gallery has-nested-images columns-default is-cropped\">\n<figure class=\"wp-block-image size-large\"><img fetchpriority=\"high\" width=\"1024\" height=\"443\" data-id=\"157\"  src=\"http:\/\/rahabart.de\/de\/wp-content\/uploads\/2020\/01\/photo_2020-01-09_17-03-22-1024x443.jpg\" alt=\"\" class=\"wp-image-157\" srcset=\"https:\/\/rahabart.de\/de\/wp-content\/uploads\/2020\/01\/photo_2020-01-09_17-03-22-1024x443.jpg 1024w, https:\/\/rahabart.de\/de\/wp-content\/uploads\/2020\/01\/photo_2020-01-09_17-03-22-300x130.jpg 300w, https:\/\/rahabart.de\/de\/wp-content\/uploads\/2020\/01\/photo_2020-01-09_17-03-22-768x332.jpg 768w, https:\/\/rahabart.de\/de\/wp-content\/uploads\/2020\/01\/photo_2020-01-09_17-03-22.jpg 1223w\" sizes=\"(max-width: 1024px) 100vw, 1024px\" \/><figcaption>Pools-Ahvaz<\/figcaption><\/figure>\n\n\n\n<figure class=\"wp-block-image size-large\"><img width=\"1024\" height=\"378\" data-id=\"158\"  src=\"http:\/\/rahabart.de\/de\/wp-content\/uploads\/2020\/01\/photo_2020-01-09_17-03-32-1024x378.jpg\" alt=\"\" class=\"wp-image-158\" srcset=\"https:\/\/rahabart.de\/de\/wp-content\/uploads\/2020\/01\/photo_2020-01-09_17-03-32-1024x378.jpg 1024w, https:\/\/rahabart.de\/de\/wp-content\/uploads\/2020\/01\/photo_2020-01-09_17-03-32-300x111.jpg 300w, https:\/\/rahabart.de\/de\/wp-content\/uploads\/2020\/01\/photo_2020-01-09_17-03-32-768x284.jpg 768w, https:\/\/rahabart.de\/de\/wp-content\/uploads\/2020\/01\/photo_2020-01-09_17-03-32.jpg 1280w\" sizes=\"(max-width: 1024px) 100vw, 1024px\" \/><figcaption>Pools-Ahvaz<\/figcaption><\/figure>\n<\/figure>\n\n\n\n<p><strong>Projektbeschreibung:<\/strong>&nbsp; Dieser Pool ist Teil des Wasser- und Elektrizit\u00e4tsmanagements der Provinz Khuzestan. Das Projekt zeigte ein konkretes Bild eines Schwimmers. Viele Menschen, die im Pool schwimmen lernten, erreichten ein hohes Niveau bei Sportwettk\u00e4mpfen. Die Harmonie der Farben in diesem Projekt gibt Ihnen ein besseres Gef\u00fchl f\u00fcr das Wasser und den Pool.<br>Der Pool ist einer der Erholungsbereiche, die den Menschen ein Gef\u00fchl von Freude und Aufregung vermitteln. Dieser Ort wird zum Schwimmen, Bodybuilding, Tauchen und zur Erholung genutzt. Das f\u00fcr die Innenausstattung des Schwimmbeckens ausgew\u00e4hlte Material sollte aus einem glatten, aber \u00e4u\u00dferst widerstandsf\u00e4higen Material f\u00fcr die Beschichtung bestehen, da es Desinfektionsmitteln und Chlor ausgesetzt ist und eine ausreichende Festigkeit aufweisen muss. Die f\u00fcr diese Oberfl\u00e4chen verwendeten Materialien m\u00fcssen auch reinigbar sein. Sie w\u00e4hlen in der Regel Wei\u00df oder Blau f\u00fcr Pools. Die Wahl der richtigen Beckenfarbe verleiht dem Becken ein sch\u00f6neres Aussehen und erh\u00f6ht die Transparenz des Wassers.<\/p>\n","protected":false},"excerpt":{"rendered":"<p>Projektname:&nbsp;PoolProjektort: Im Versch\u00f6nerungsvertrag der Stadt AhvazGruppenzusammenarbeit: Baniye Tarahan AlborzAusf\u00fchrungszeit: 2013Projektbereich: 200 Quadratmeter Projektbeschreibung:&nbsp; Dieser Pool ist Teil des Wasser- und Elektrizit\u00e4tsmanagements der Provinz Khuzestan. Das Projekt zeigte ein konkretes Bild eines Schwimmers. Viele Menschen, die im Pool schwimmen lernten, erreichten ein hohes Niveau bei Sportwettk\u00e4mpfen. Die Harmonie der Farben in diesem Projekt gibt Ihnen ein&hellip;<\/p>\n","protected":false},"author":1,"featured_media":0,"parent":579,"menu_order":0,"comment_status":"closed","ping_status":"closed","template":"","meta":{"_mi_skip_tracking":false},"_links":{"self":[{"href":"https:\/\/rahabart.de\/de\/wp-json\/wp\/v2\/pages\/156"}],"collection":[{"href":"https:\/\/rahabart.de\/de\/wp-json\/wp\/v2\/pages"}],"about":[{"href":"https:\/\/rahabart.de\/de\/wp-json\/wp\/v2\/types\/page"}],"author":[{"embeddable":true,"href":"https:\/\/rahabart.de\/de\/wp-json\/wp\/v2\/users\/1"}],"replies":[{"embeddable":true,"href":"https:\/\/rahabart.de\/de\/wp-json\/wp\/v2\/comments?post=156"}],"version-history":[{"count":9,"href":"https:\/\/rahabart.de\/de\/wp-json\/wp\/v2\/pages\/156\/revisions"}],"predecessor-version":[{"id":1030,"href":"https:\/\/rahabart.de\/de\/wp-json\/wp\/v2\/pages\/156\/revisions\/1030"}],"up":[{"embeddable":true,"href":"https:\/\/rahabart.de\/de\/wp-json\/wp\/v2\/pages\/579"}],"wp:attachment":[{"href":"https:\/\/rahabart.de\/de\/wp-json\/wp\/v2\/media?parent=156"}],"curies":[{"name":"wp","href":"https:\/\/api.w.org\/{rel}","templated":true}]}}