{"id":140,"date":"2020-01-12T18:16:43","date_gmt":"2020-01-12T18:16:43","guid":{"rendered":"http:\/\/rahabart.de\/de\/?page_id=140"},"modified":"2022-03-12T15:52:51","modified_gmt":"2022-03-12T15:52:51","slug":"dastgheyb-bruecke-qom","status":"publish","type":"page","link":"https:\/\/rahabart.de\/de\/projekte\/dastgheyb-bruecke-qom\/","title":{"rendered":"Dastgheyb Br\u00fccke-Qom"},"content":{"rendered":"\n<p><strong>Projektname<\/strong>:&nbsp; Der Wand der Dastgheyb-Br\u00fccke<br><strong>Projektort<\/strong>:&nbsp; Im Versch\u00f6nerungsvertrag der Stadt Qom<br>Gruppenzusammenarbeit: Baniye Tarahan Alborz<br><strong>Ausf\u00fchrungszeit:<\/strong> 2012<br><strong>Projektbereich:<\/strong>&nbsp; 372 Quadratmeter<\/p>\n\n\n\n<figure class=\"wp-container-2 wp-block-gallery-1 wp-block-gallery has-nested-images columns-3 is-cropped\">\n<figure class=\"wp-block-image size-large\"><img fetchpriority=\"high\" width=\"846\" height=\"1024\" data-id=\"141\"  src=\"http:\/\/rahabart.de\/de\/wp-content\/uploads\/2020\/01\/photo_2020-01-09_17-00-46-846x1024.jpg\" alt=\"\" class=\"wp-image-141\" srcset=\"https:\/\/rahabart.de\/de\/wp-content\/uploads\/2020\/01\/photo_2020-01-09_17-00-46-846x1024.jpg 846w, https:\/\/rahabart.de\/de\/wp-content\/uploads\/2020\/01\/photo_2020-01-09_17-00-46-248x300.jpg 248w, https:\/\/rahabart.de\/de\/wp-content\/uploads\/2020\/01\/photo_2020-01-09_17-00-46-768x930.jpg 768w, https:\/\/rahabart.de\/de\/wp-content\/uploads\/2020\/01\/photo_2020-01-09_17-00-46.jpg 1057w\" sizes=\"(max-width: 846px) 100vw, 846px\" \/><figcaption>Dastgheyb Br\u00fccke-Qom<\/figcaption><\/figure>\n\n\n\n<figure class=\"wp-block-image size-large\"><img width=\"1024\" height=\"730\" data-id=\"142\"  src=\"http:\/\/rahabart.de\/de\/wp-content\/uploads\/2020\/01\/photo_2020-01-09_17-00-55-1024x730.jpg\" alt=\"\" class=\"wp-image-142\" srcset=\"https:\/\/rahabart.de\/de\/wp-content\/uploads\/2020\/01\/photo_2020-01-09_17-00-55-1024x730.jpg 1024w, https:\/\/rahabart.de\/de\/wp-content\/uploads\/2020\/01\/photo_2020-01-09_17-00-55-300x214.jpg 300w, https:\/\/rahabart.de\/de\/wp-content\/uploads\/2020\/01\/photo_2020-01-09_17-00-55-768x548.jpg 768w, https:\/\/rahabart.de\/de\/wp-content\/uploads\/2020\/01\/photo_2020-01-09_17-00-55.jpg 1280w\" sizes=\"(max-width: 1024px) 100vw, 1024px\" \/><figcaption>Dastgheyb Br\u00fccke-Qom<\/figcaption><\/figure>\n\n\n\n<figure class=\"wp-block-image size-large\"><img width=\"262\" height=\"335\" data-id=\"143\"  src=\"http:\/\/rahabart.de\/de\/wp-content\/uploads\/2020\/01\/photo_2020-01-09_17-00-57.jpg\" alt=\"\" class=\"wp-image-143\" srcset=\"https:\/\/rahabart.de\/de\/wp-content\/uploads\/2020\/01\/photo_2020-01-09_17-00-57.jpg 262w, https:\/\/rahabart.de\/de\/wp-content\/uploads\/2020\/01\/photo_2020-01-09_17-00-57-235x300.jpg 235w\" sizes=\"(max-width: 262px) 100vw, 262px\" \/><figcaption>Dastgheyb Br\u00fccke-Qom<\/figcaption><\/figure>\n<\/figure>\n\n\n\n<p><strong>Projektbeschreibung:<\/strong>&nbsp;Elegante Mischung aus sch\u00f6n farbigem Beton, gebrochenen Fliesen und verzinktem Blech an der Wand der Dastgheyb-Br\u00fccke in Qom. 2012\/ Vertrag mit der Abteilung f\u00fcr Stadtentwicklung von Qom. Die Fl\u00e4che betr\u00e4gt 372 Quadratmeter.Bei der Konzeption und Umsetzung dieses Projekts haben wir versucht, das Bild der Bedeutung des Martyriums in einem traditionellen und indigenen Stil der persischen Kultur und Symbole darzustellen. Tulpenblumen, Shamseh und V\u00f6gel sind besondere Symbole, die in der Kultur des Martyriums seit jeher erkennbar sind.<\/p>\n","protected":false},"excerpt":{"rendered":"<p>Projektname:&nbsp; Der Wand der Dastgheyb-Br\u00fcckeProjektort:&nbsp; Im Versch\u00f6nerungsvertrag der Stadt QomGruppenzusammenarbeit: Baniye Tarahan AlborzAusf\u00fchrungszeit: 2012Projektbereich:&nbsp; 372 Quadratmeter Projektbeschreibung:&nbsp;Elegante Mischung aus sch\u00f6n farbigem Beton, gebrochenen Fliesen und verzinktem Blech an der Wand der Dastgheyb-Br\u00fccke in Qom. 2012\/ Vertrag mit der Abteilung f\u00fcr Stadtentwicklung von Qom. Die Fl\u00e4che betr\u00e4gt 372 Quadratmeter.Bei der Konzeption und Umsetzung dieses Projekts haben&hellip;<\/p>\n","protected":false},"author":1,"featured_media":0,"parent":579,"menu_order":0,"comment_status":"closed","ping_status":"closed","template":"","meta":{"_mi_skip_tracking":false},"_links":{"self":[{"href":"https:\/\/rahabart.de\/de\/wp-json\/wp\/v2\/pages\/140"}],"collection":[{"href":"https:\/\/rahabart.de\/de\/wp-json\/wp\/v2\/pages"}],"about":[{"href":"https:\/\/rahabart.de\/de\/wp-json\/wp\/v2\/types\/page"}],"author":[{"embeddable":true,"href":"https:\/\/rahabart.de\/de\/wp-json\/wp\/v2\/users\/1"}],"replies":[{"embeddable":true,"href":"https:\/\/rahabart.de\/de\/wp-json\/wp\/v2\/comments?post=140"}],"version-history":[{"count":8,"href":"https:\/\/rahabart.de\/de\/wp-json\/wp\/v2\/pages\/140\/revisions"}],"predecessor-version":[{"id":1034,"href":"https:\/\/rahabart.de\/de\/wp-json\/wp\/v2\/pages\/140\/revisions\/1034"}],"up":[{"embeddable":true,"href":"https:\/\/rahabart.de\/de\/wp-json\/wp\/v2\/pages\/579"}],"wp:attachment":[{"href":"https:\/\/rahabart.de\/de\/wp-json\/wp\/v2\/media?parent=140"}],"curies":[{"name":"wp","href":"https:\/\/api.w.org\/{rel}","templated":true}]}}