{"id":129,"date":"2020-01-12T18:13:54","date_gmt":"2020-01-12T18:13:54","guid":{"rendered":"http:\/\/rahabart.de\/de\/?page_id=129"},"modified":"2022-03-12T15:51:42","modified_gmt":"2022-03-12T15:51:42","slug":"schah-ibrahim-durchgang-qom","status":"publish","type":"page","link":"https:\/\/rahabart.de\/de\/projekte\/schah-ibrahim-durchgang-qom\/","title":{"rendered":"Schah Ibrahim Durchgang-Qom"},"content":{"rendered":"\n<p><strong>Projektname<\/strong>: Die Mauer unter dem Durchgang \u201e\u064dSchah Ibrahim\u201c<br><strong>Projektort<\/strong>: Im Versch\u00f6nerungsvertrag der Stadt Qom<br>Gruppenzusammenarbeit: Baniye Tarahan Alborz<br><strong>Ausf\u00fchrungszeit:<\/strong>&nbsp; 2012<br><strong>Projektbereich:<\/strong>&nbsp; 300 Quadratmeter<br><\/p>\n\n\n\n<figure class=\"wp-container-2 wp-block-gallery-1 wp-block-gallery has-nested-images columns-5 is-cropped\">\n<figure class=\"wp-block-image size-large\"><img fetchpriority=\"high\" width=\"1024\" height=\"1014\" data-id=\"130\"  src=\"http:\/\/rahabart.de\/de\/wp-content\/uploads\/2020\/01\/photo_2020-01-09_17-01-26-1024x1014.jpg\" alt=\"\" class=\"wp-image-130\" srcset=\"https:\/\/rahabart.de\/de\/wp-content\/uploads\/2020\/01\/photo_2020-01-09_17-01-26-1024x1014.jpg 1024w, https:\/\/rahabart.de\/de\/wp-content\/uploads\/2020\/01\/photo_2020-01-09_17-01-26-300x297.jpg 300w, https:\/\/rahabart.de\/de\/wp-content\/uploads\/2020\/01\/photo_2020-01-09_17-01-26-150x150.jpg 150w, https:\/\/rahabart.de\/de\/wp-content\/uploads\/2020\/01\/photo_2020-01-09_17-01-26-768x760.jpg 768w, https:\/\/rahabart.de\/de\/wp-content\/uploads\/2020\/01\/photo_2020-01-09_17-01-26.jpg 1125w\" sizes=\"(max-width: 1024px) 100vw, 1024px\" \/><figcaption>Schah Ibrahim Durchgang-Qom<\/figcaption><\/figure>\n\n\n\n<figure class=\"wp-block-image size-large\"><img width=\"1024\" height=\"1002\" data-id=\"131\"  src=\"http:\/\/rahabart.de\/de\/wp-content\/uploads\/2020\/01\/photo_2020-01-09_17-01-34-1024x1002.jpg\" alt=\"\" class=\"wp-image-131\" srcset=\"https:\/\/rahabart.de\/de\/wp-content\/uploads\/2020\/01\/photo_2020-01-09_17-01-34-1024x1002.jpg 1024w, https:\/\/rahabart.de\/de\/wp-content\/uploads\/2020\/01\/photo_2020-01-09_17-01-34-300x294.jpg 300w, https:\/\/rahabart.de\/de\/wp-content\/uploads\/2020\/01\/photo_2020-01-09_17-01-34-768x752.jpg 768w, https:\/\/rahabart.de\/de\/wp-content\/uploads\/2020\/01\/photo_2020-01-09_17-01-34.jpg 1125w\" sizes=\"(max-width: 1024px) 100vw, 1024px\" \/><figcaption>Schah Ibrahim Durchgang-Qom<\/figcaption><\/figure>\n\n\n\n<figure class=\"wp-block-image size-large\"><img width=\"1024\" height=\"1015\" data-id=\"132\"  src=\"http:\/\/rahabart.de\/de\/wp-content\/uploads\/2020\/01\/photo_2020-01-09_17-01-38-1024x1015.jpg\" alt=\"\" class=\"wp-image-132\" srcset=\"https:\/\/rahabart.de\/de\/wp-content\/uploads\/2020\/01\/photo_2020-01-09_17-01-38-1024x1015.jpg 1024w, https:\/\/rahabart.de\/de\/wp-content\/uploads\/2020\/01\/photo_2020-01-09_17-01-38-300x297.jpg 300w, https:\/\/rahabart.de\/de\/wp-content\/uploads\/2020\/01\/photo_2020-01-09_17-01-38-150x150.jpg 150w, https:\/\/rahabart.de\/de\/wp-content\/uploads\/2020\/01\/photo_2020-01-09_17-01-38-768x761.jpg 768w, https:\/\/rahabart.de\/de\/wp-content\/uploads\/2020\/01\/photo_2020-01-09_17-01-38.jpg 1125w\" sizes=\"(max-width: 1024px) 100vw, 1024px\" \/><figcaption>Schah Ibrahim Durchgang-Qom<\/figcaption><\/figure>\n\n\n\n<figure class=\"wp-block-image size-large\"><img loading=\"lazy\" width=\"1024\" height=\"1013\" data-id=\"133\"  src=\"http:\/\/rahabart.de\/de\/wp-content\/uploads\/2020\/01\/photo_2020-01-09_17-01-40-1024x1013.jpg\" alt=\"\" class=\"wp-image-133\" srcset=\"https:\/\/rahabart.de\/de\/wp-content\/uploads\/2020\/01\/photo_2020-01-09_17-01-40-1024x1013.jpg 1024w, https:\/\/rahabart.de\/de\/wp-content\/uploads\/2020\/01\/photo_2020-01-09_17-01-40-300x297.jpg 300w, https:\/\/rahabart.de\/de\/wp-content\/uploads\/2020\/01\/photo_2020-01-09_17-01-40-768x760.jpg 768w, https:\/\/rahabart.de\/de\/wp-content\/uploads\/2020\/01\/photo_2020-01-09_17-01-40.jpg 1125w\" sizes=\"(max-width: 1024px) 100vw, 1024px\" \/><figcaption>Schah Ibrahim Durchgang-Qom<\/figcaption><\/figure>\n\n\n\n<figure class=\"wp-block-image size-large\"><img loading=\"lazy\" width=\"1024\" height=\"766\" data-id=\"134\"  src=\"http:\/\/rahabart.de\/de\/wp-content\/uploads\/2020\/01\/photo_2020-01-09_17-01-43-1024x766.jpg\" alt=\"\" class=\"wp-image-134\" srcset=\"https:\/\/rahabart.de\/de\/wp-content\/uploads\/2020\/01\/photo_2020-01-09_17-01-43-1024x766.jpg 1024w, https:\/\/rahabart.de\/de\/wp-content\/uploads\/2020\/01\/photo_2020-01-09_17-01-43-300x225.jpg 300w, https:\/\/rahabart.de\/de\/wp-content\/uploads\/2020\/01\/photo_2020-01-09_17-01-43-768x575.jpg 768w, https:\/\/rahabart.de\/de\/wp-content\/uploads\/2020\/01\/photo_2020-01-09_17-01-43.jpg 1125w\" sizes=\"(max-width: 1024px) 100vw, 1024px\" \/><figcaption>Schah Ibrahim Durchgang-Qom<\/figcaption><\/figure>\n\n\n\n<figure class=\"wp-block-image size-large\"><img loading=\"lazy\" width=\"1024\" height=\"669\" data-id=\"136\"  src=\"http:\/\/rahabart.de\/de\/wp-content\/uploads\/2020\/01\/photo_2020-01-09_17-01-48-1024x669.jpg\" alt=\"\" class=\"wp-image-136\" srcset=\"https:\/\/rahabart.de\/de\/wp-content\/uploads\/2020\/01\/photo_2020-01-09_17-01-48-1024x669.jpg 1024w, https:\/\/rahabart.de\/de\/wp-content\/uploads\/2020\/01\/photo_2020-01-09_17-01-48-300x196.jpg 300w, https:\/\/rahabart.de\/de\/wp-content\/uploads\/2020\/01\/photo_2020-01-09_17-01-48-768x502.jpg 768w, https:\/\/rahabart.de\/de\/wp-content\/uploads\/2020\/01\/photo_2020-01-09_17-01-48.jpg 1125w\" sizes=\"(max-width: 1024px) 100vw, 1024px\" \/><figcaption>Schah Ibrahim Durchgang-Qom<\/figcaption><\/figure>\n\n\n\n<figure class=\"wp-block-image size-large\"><img loading=\"lazy\" width=\"1024\" height=\"1024\" data-id=\"137\"  src=\"http:\/\/rahabart.de\/de\/wp-content\/uploads\/2020\/01\/photo_2020-01-09_17-01-51-1024x1024.jpg\" alt=\"\" class=\"wp-image-137\" srcset=\"https:\/\/rahabart.de\/de\/wp-content\/uploads\/2020\/01\/photo_2020-01-09_17-01-51-1024x1024.jpg 1024w, https:\/\/rahabart.de\/de\/wp-content\/uploads\/2020\/01\/photo_2020-01-09_17-01-51-300x300.jpg 300w, https:\/\/rahabart.de\/de\/wp-content\/uploads\/2020\/01\/photo_2020-01-09_17-01-51-150x150.jpg 150w, https:\/\/rahabart.de\/de\/wp-content\/uploads\/2020\/01\/photo_2020-01-09_17-01-51-768x767.jpg 768w, https:\/\/rahabart.de\/de\/wp-content\/uploads\/2020\/01\/photo_2020-01-09_17-01-51.jpg 1125w\" sizes=\"(max-width: 1024px) 100vw, 1024px\" \/><figcaption>Schah Ibrahim Durchgang-Qom<\/figcaption><\/figure>\n\n\n\n<figure class=\"wp-block-image size-large\"><img loading=\"lazy\" width=\"1024\" height=\"1017\" data-id=\"138\"  src=\"http:\/\/rahabart.de\/de\/wp-content\/uploads\/2020\/01\/photo_2020-01-09_17-01-53-1024x1017.jpg\" alt=\"\" class=\"wp-image-138\" srcset=\"https:\/\/rahabart.de\/de\/wp-content\/uploads\/2020\/01\/photo_2020-01-09_17-01-53-1024x1017.jpg 1024w, https:\/\/rahabart.de\/de\/wp-content\/uploads\/2020\/01\/photo_2020-01-09_17-01-53-300x298.jpg 300w, https:\/\/rahabart.de\/de\/wp-content\/uploads\/2020\/01\/photo_2020-01-09_17-01-53-150x150.jpg 150w, https:\/\/rahabart.de\/de\/wp-content\/uploads\/2020\/01\/photo_2020-01-09_17-01-53-768x763.jpg 768w, https:\/\/rahabart.de\/de\/wp-content\/uploads\/2020\/01\/photo_2020-01-09_17-01-53.jpg 1125w\" sizes=\"(max-width: 1024px) 100vw, 1024px\" \/><figcaption>Schah Ibrahim Durchgang-Qom<\/figcaption><\/figure>\n<\/figure>\n\n\n\n<p><strong>Projektbeschreibung:<\/strong> Das Grabmal von Imam Zadeh Shah Ibrahim befindet sich in der N\u00e4he dieser Unterf\u00fchrung. Nach Imam Masoumeh ist Imam Zadeh, Shah Ibrahim, eine wichtige religi\u00f6se und religi\u00f6se Figur, die von Muslimen sehr gesch\u00e4tzt wird. Nach den W\u00fcnschen des Arbeitgebers, wurden Elemente und Symbole verwendet, die diese klerikale Atmosph\u00e4re verbessern sollten. In den verwendeten Bildern k\u00f6nnen Sie das Grab von Shah Ibrahim eindeutig identifizieren.<\/p>\n","protected":false},"excerpt":{"rendered":"<p>Projektname: Die Mauer unter dem Durchgang \u201e\u064dSchah Ibrahim\u201cProjektort: Im Versch\u00f6nerungsvertrag der Stadt QomGruppenzusammenarbeit: Baniye Tarahan AlborzAusf\u00fchrungszeit:&nbsp; 2012Projektbereich:&nbsp; 300 Quadratmeter Projektbeschreibung: Das Grabmal von Imam Zadeh Shah Ibrahim befindet sich in der N\u00e4he dieser Unterf\u00fchrung. Nach Imam Masoumeh ist Imam Zadeh, Shah Ibrahim, eine wichtige religi\u00f6se und religi\u00f6se Figur, die von Muslimen sehr gesch\u00e4tzt wird. Nach&hellip;<\/p>\n","protected":false},"author":1,"featured_media":0,"parent":579,"menu_order":0,"comment_status":"closed","ping_status":"closed","template":"","meta":{"_mi_skip_tracking":false},"_links":{"self":[{"href":"https:\/\/rahabart.de\/de\/wp-json\/wp\/v2\/pages\/129"}],"collection":[{"href":"https:\/\/rahabart.de\/de\/wp-json\/wp\/v2\/pages"}],"about":[{"href":"https:\/\/rahabart.de\/de\/wp-json\/wp\/v2\/types\/page"}],"author":[{"embeddable":true,"href":"https:\/\/rahabart.de\/de\/wp-json\/wp\/v2\/users\/1"}],"replies":[{"embeddable":true,"href":"https:\/\/rahabart.de\/de\/wp-json\/wp\/v2\/comments?post=129"}],"version-history":[{"count":9,"href":"https:\/\/rahabart.de\/de\/wp-json\/wp\/v2\/pages\/129\/revisions"}],"predecessor-version":[{"id":1027,"href":"https:\/\/rahabart.de\/de\/wp-json\/wp\/v2\/pages\/129\/revisions\/1027"}],"up":[{"embeddable":true,"href":"https:\/\/rahabart.de\/de\/wp-json\/wp\/v2\/pages\/579"}],"wp:attachment":[{"href":"https:\/\/rahabart.de\/de\/wp-json\/wp\/v2\/media?parent=129"}],"curies":[{"name":"wp","href":"https:\/\/api.w.org\/{rel}","templated":true}]}}