{"id":117,"date":"2020-01-12T18:09:32","date_gmt":"2020-01-12T18:09:32","guid":{"rendered":"http:\/\/rahabart.de\/de\/?page_id=117"},"modified":"2022-03-12T15:52:10","modified_gmt":"2022-03-12T15:52:10","slug":"pole-haftom-durchgang-ahvaz","status":"publish","type":"page","link":"https:\/\/rahabart.de\/de\/projekte\/pole-haftom-durchgang-ahvaz\/","title":{"rendered":"Pole Haftom Durchgang-Ahvaz"},"content":{"rendered":"\n<p><strong>Projektname<\/strong>:&nbsp; \u00d6stliche Ansicht von der Mauer unter dem Durchgang \u201ePole Haftom\u201c<br><strong>Projektort<\/strong>: Im Versch\u00f6nerungsvertrag der Stadt Ahvaz<br>Gruppenzusammenarbeit: Baniye Tarahan Alborz<a href=\"Projektort: Im Verscho\u0308nerungsvertrag der Stadt AhvazGruppenzusammenarbeit: Baniye Tarahan Alborz\"><strong><br><\/strong><\/a><strong>Ausf\u00fchrungszeit:<\/strong> 2011<br><strong>Projektbereich:<\/strong> 700 Quadratmeter<\/p>\n\n\n\n<figure class=\"wp-container-2 wp-block-gallery-1 wp-block-gallery has-nested-images columns-4 is-cropped\">\n<figure class=\"wp-block-image size-large\"><img fetchpriority=\"high\" width=\"1024\" height=\"1005\" data-id=\"119\"  src=\"http:\/\/rahabart.de\/de\/wp-content\/uploads\/2020\/01\/photo_2020-01-09_17-02-27-1024x1005.jpg\" alt=\"\" class=\"wp-image-119\" srcset=\"https:\/\/rahabart.de\/de\/wp-content\/uploads\/2020\/01\/photo_2020-01-09_17-02-27-1024x1005.jpg 1024w, https:\/\/rahabart.de\/de\/wp-content\/uploads\/2020\/01\/photo_2020-01-09_17-02-27-300x294.jpg 300w, https:\/\/rahabart.de\/de\/wp-content\/uploads\/2020\/01\/photo_2020-01-09_17-02-27-768x754.jpg 768w, https:\/\/rahabart.de\/de\/wp-content\/uploads\/2020\/01\/photo_2020-01-09_17-02-27.jpg 1125w\" sizes=\"(max-width: 1024px) 100vw, 1024px\" \/><figcaption>Pole Haftom Durchgang-Ahvaz<\/figcaption><\/figure>\n\n\n\n<figure class=\"wp-block-image size-large\"><img width=\"734\" height=\"1024\" data-id=\"120\"  src=\"http:\/\/rahabart.de\/de\/wp-content\/uploads\/2020\/01\/photo_2020-01-09_17-02-43-734x1024.jpg\" alt=\"\" class=\"wp-image-120\" srcset=\"https:\/\/rahabart.de\/de\/wp-content\/uploads\/2020\/01\/photo_2020-01-09_17-02-43-734x1024.jpg 734w, https:\/\/rahabart.de\/de\/wp-content\/uploads\/2020\/01\/photo_2020-01-09_17-02-43-215x300.jpg 215w, https:\/\/rahabart.de\/de\/wp-content\/uploads\/2020\/01\/photo_2020-01-09_17-02-43.jpg 769w\" sizes=\"(max-width: 734px) 100vw, 734px\" \/><figcaption>Pole Haftom Durchgang-Ahvaz<\/figcaption><\/figure>\n\n\n\n<figure class=\"wp-block-image size-large\"><img width=\"1024\" height=\"785\" data-id=\"121\"  src=\"http:\/\/rahabart.de\/de\/wp-content\/uploads\/2020\/01\/photo_2020-01-09_17-02-46-1024x785.jpg\" alt=\"\" class=\"wp-image-121\" srcset=\"https:\/\/rahabart.de\/de\/wp-content\/uploads\/2020\/01\/photo_2020-01-09_17-02-46-1024x785.jpg 1024w, https:\/\/rahabart.de\/de\/wp-content\/uploads\/2020\/01\/photo_2020-01-09_17-02-46-300x230.jpg 300w, https:\/\/rahabart.de\/de\/wp-content\/uploads\/2020\/01\/photo_2020-01-09_17-02-46-768x589.jpg 768w, https:\/\/rahabart.de\/de\/wp-content\/uploads\/2020\/01\/photo_2020-01-09_17-02-46.jpg 1085w\" sizes=\"(max-width: 1024px) 100vw, 1024px\" \/><figcaption>Pole Haftom Durchgang-Ahvaz<\/figcaption><\/figure>\n\n\n\n<figure class=\"wp-block-image size-large\"><img loading=\"lazy\" width=\"1024\" height=\"615\" data-id=\"122\"  src=\"http:\/\/rahabart.de\/de\/wp-content\/uploads\/2020\/01\/photo_2020-01-09_17-02-49-1024x615.jpg\" alt=\"\" class=\"wp-image-122\" srcset=\"https:\/\/rahabart.de\/de\/wp-content\/uploads\/2020\/01\/photo_2020-01-09_17-02-49-1024x615.jpg 1024w, https:\/\/rahabart.de\/de\/wp-content\/uploads\/2020\/01\/photo_2020-01-09_17-02-49-300x180.jpg 300w, https:\/\/rahabart.de\/de\/wp-content\/uploads\/2020\/01\/photo_2020-01-09_17-02-49-768x461.jpg 768w, https:\/\/rahabart.de\/de\/wp-content\/uploads\/2020\/01\/photo_2020-01-09_17-02-49.jpg 1218w\" sizes=\"(max-width: 1024px) 100vw, 1024px\" \/><figcaption>Pole Haftom Durchgang-Ahvaz<\/figcaption><\/figure>\n\n\n\n<figure class=\"wp-block-image size-large\"><img loading=\"lazy\" width=\"1024\" height=\"762\" data-id=\"123\"  src=\"http:\/\/rahabart.de\/de\/wp-content\/uploads\/2020\/01\/photo_2020-01-09_17-02-51-1024x762.jpg\" alt=\"\" class=\"wp-image-123\" srcset=\"https:\/\/rahabart.de\/de\/wp-content\/uploads\/2020\/01\/photo_2020-01-09_17-02-51-1024x762.jpg 1024w, https:\/\/rahabart.de\/de\/wp-content\/uploads\/2020\/01\/photo_2020-01-09_17-02-51-300x223.jpg 300w, https:\/\/rahabart.de\/de\/wp-content\/uploads\/2020\/01\/photo_2020-01-09_17-02-51-768x571.jpg 768w, https:\/\/rahabart.de\/de\/wp-content\/uploads\/2020\/01\/photo_2020-01-09_17-02-51.jpg 1125w\" sizes=\"(max-width: 1024px) 100vw, 1024px\" \/><figcaption>Pole Haftom Durchgang-Ahvaz<\/figcaption><\/figure>\n\n\n\n<figure class=\"wp-block-image size-large\"><img loading=\"lazy\" width=\"1024\" height=\"754\" data-id=\"124\"  src=\"http:\/\/rahabart.de\/de\/wp-content\/uploads\/2020\/01\/photo_2020-01-09_17-02-54-1024x754.jpg\" alt=\"\" class=\"wp-image-124\" srcset=\"https:\/\/rahabart.de\/de\/wp-content\/uploads\/2020\/01\/photo_2020-01-09_17-02-54-1024x754.jpg 1024w, https:\/\/rahabart.de\/de\/wp-content\/uploads\/2020\/01\/photo_2020-01-09_17-02-54-300x221.jpg 300w, https:\/\/rahabart.de\/de\/wp-content\/uploads\/2020\/01\/photo_2020-01-09_17-02-54-768x565.jpg 768w, https:\/\/rahabart.de\/de\/wp-content\/uploads\/2020\/01\/photo_2020-01-09_17-02-54.jpg 1107w\" sizes=\"(max-width: 1024px) 100vw, 1024px\" \/><figcaption>Pole Haftom Durchgang-Ahvaz<\/figcaption><\/figure>\n\n\n\n<figure class=\"wp-block-image size-large\"><img loading=\"lazy\" width=\"1024\" height=\"587\" data-id=\"125\"  src=\"http:\/\/rahabart.de\/de\/wp-content\/uploads\/2020\/01\/photo_2020-01-09_17-02-56-1024x587.jpg\" alt=\"\" class=\"wp-image-125\" srcset=\"https:\/\/rahabart.de\/de\/wp-content\/uploads\/2020\/01\/photo_2020-01-09_17-02-56-1024x587.jpg 1024w, https:\/\/rahabart.de\/de\/wp-content\/uploads\/2020\/01\/photo_2020-01-09_17-02-56-300x172.jpg 300w, https:\/\/rahabart.de\/de\/wp-content\/uploads\/2020\/01\/photo_2020-01-09_17-02-56-768x440.jpg 768w, https:\/\/rahabart.de\/de\/wp-content\/uploads\/2020\/01\/photo_2020-01-09_17-02-56.jpg 1280w\" sizes=\"(max-width: 1024px) 100vw, 1024px\" \/><figcaption>Pole Haftom Durchgang-Ahvaz<\/figcaption><\/figure>\n\n\n\n<figure class=\"wp-block-image size-large\"><img loading=\"lazy\" width=\"1024\" height=\"598\" data-id=\"126\"  src=\"http:\/\/rahabart.de\/de\/wp-content\/uploads\/2020\/01\/photo_2020-01-09_17-02-59-1024x598.jpg\" alt=\"\" class=\"wp-image-126\" srcset=\"https:\/\/rahabart.de\/de\/wp-content\/uploads\/2020\/01\/photo_2020-01-09_17-02-59-1024x598.jpg 1024w, https:\/\/rahabart.de\/de\/wp-content\/uploads\/2020\/01\/photo_2020-01-09_17-02-59-300x175.jpg 300w, https:\/\/rahabart.de\/de\/wp-content\/uploads\/2020\/01\/photo_2020-01-09_17-02-59-768x449.jpg 768w, https:\/\/rahabart.de\/de\/wp-content\/uploads\/2020\/01\/photo_2020-01-09_17-02-59.jpg 1280w\" sizes=\"(max-width: 1024px) 100vw, 1024px\" \/><figcaption>Pole Haftom Durchgang-Ahvaz<\/figcaption><\/figure>\n<\/figure>\n\n\n\n<p><strong>Projektbeschreibung:<\/strong> Diese Passage befindet sich in der N\u00e4he des Grabes von Imamzadeh Ali ibn Mehzir. In diesem Projekt wurde die Kunst des Malens und der Kalligraphie mit auffallendem Mosaikmaterial entworfen und umgesetzt. Die Idee basiert auf den sch\u00f6nen Linien der Kalligraphie mit einzigartigen Kombinationen aus der Perspektive des Grabes des Mahmayr Imam Mahdi. Die Verwendung der Farben des Holocaust und der Harmonie mit Klerus und Mystik zieht die Aufmerksamkeit eines jeden Betrachters an.<\/p>\n","protected":false},"excerpt":{"rendered":"<p>Projektname:&nbsp; \u00d6stliche Ansicht von der Mauer unter dem Durchgang \u201ePole Haftom\u201cProjektort: Im Versch\u00f6nerungsvertrag der Stadt AhvazGruppenzusammenarbeit: Baniye Tarahan AlborzAusf\u00fchrungszeit: 2011Projektbereich: 700 Quadratmeter Projektbeschreibung: Diese Passage befindet sich in der N\u00e4he des Grabes von Imamzadeh Ali ibn Mehzir. In diesem Projekt wurde die Kunst des Malens und der Kalligraphie mit auffallendem Mosaikmaterial entworfen und umgesetzt. Die&hellip;<\/p>\n","protected":false},"author":1,"featured_media":0,"parent":579,"menu_order":0,"comment_status":"closed","ping_status":"closed","template":"","meta":{"_mi_skip_tracking":false},"_links":{"self":[{"href":"https:\/\/rahabart.de\/de\/wp-json\/wp\/v2\/pages\/117"}],"collection":[{"href":"https:\/\/rahabart.de\/de\/wp-json\/wp\/v2\/pages"}],"about":[{"href":"https:\/\/rahabart.de\/de\/wp-json\/wp\/v2\/types\/page"}],"author":[{"embeddable":true,"href":"https:\/\/rahabart.de\/de\/wp-json\/wp\/v2\/users\/1"}],"replies":[{"embeddable":true,"href":"https:\/\/rahabart.de\/de\/wp-json\/wp\/v2\/comments?post=117"}],"version-history":[{"count":8,"href":"https:\/\/rahabart.de\/de\/wp-json\/wp\/v2\/pages\/117\/revisions"}],"predecessor-version":[{"id":1031,"href":"https:\/\/rahabart.de\/de\/wp-json\/wp\/v2\/pages\/117\/revisions\/1031"}],"up":[{"embeddable":true,"href":"https:\/\/rahabart.de\/de\/wp-json\/wp\/v2\/pages\/579"}],"wp:attachment":[{"href":"https:\/\/rahabart.de\/de\/wp-json\/wp\/v2\/media?parent=117"}],"curies":[{"name":"wp","href":"https:\/\/api.w.org\/{rel}","templated":true}]}}