{"id":1138,"date":"2022-08-05T07:30:55","date_gmt":"2022-08-05T07:30:55","guid":{"rendered":"https:\/\/rahabart.de\/de\/?page_id=1138"},"modified":"2022-08-05T08:13:31","modified_gmt":"2022-08-05T08:13:31","slug":"jubilaeumaausstellung-50-jahre-bbk-duesseldorf","status":"publish","type":"page","link":"https:\/\/rahabart.de\/de\/jubilaeumaausstellung-50-jahre-bbk-duesseldorf\/","title":{"rendered":"Jubil\u00e4umaausstellung 50 Jahre BBK D\u00fcsseldorf"},"content":{"rendered":"\n<p><strong>Jubil\u00e4umaausstellung 50 Jahre BBK D\u00fcsseldorf<\/strong><br><strong>\u00d6ffnungszeiten:<\/strong> von 27.8.2021 bis 12.09.2021<br><strong>Adresse:<\/strong> Birkenstr. 47, 40233 D\u00fcsseldorf<br>Mit 56 K\u00fcnstlern<\/p>\n\n\n<div class=\"wp-block-image\">\n<figure class=\"alignleft size-large is-resized\"><img fetchpriority=\"high\" src=\"https:\/\/rahabart.de\/de\/wp-content\/uploads\/2022\/08\/IMG_0398-812x1024.jpg\" alt=\"\" class=\"wp-image-1147\" width=\"406\" height=\"512\" srcset=\"https:\/\/rahabart.de\/de\/wp-content\/uploads\/2022\/08\/IMG_0398-812x1024.jpg 812w, https:\/\/rahabart.de\/de\/wp-content\/uploads\/2022\/08\/IMG_0398-238x300.jpg 238w, https:\/\/rahabart.de\/de\/wp-content\/uploads\/2022\/08\/IMG_0398-768x968.jpg 768w, https:\/\/rahabart.de\/de\/wp-content\/uploads\/2022\/08\/IMG_0398.jpg 1125w\" sizes=\"(max-width: 406px) 100vw, 406px\" \/><\/figure><\/div>\n\n\n<div style=\"height:50px\" aria-hidden=\"true\" class=\"wp-block-spacer\"><\/div>\n","protected":false},"excerpt":{"rendered":"<p>Jubil\u00e4umaausstellung 50 Jahre BBK D\u00fcsseldorf\u00d6ffnungszeiten: von 27.8.2021 bis 12.09.2021Adresse: Birkenstr. 47, 40233 D\u00fcsseldorfMit 56 K\u00fcnstlern<\/p>\n","protected":false},"author":1,"featured_media":0,"parent":0,"menu_order":0,"comment_status":"closed","ping_status":"closed","template":"","meta":{"_mi_skip_tracking":false},"_links":{"self":[{"href":"https:\/\/rahabart.de\/de\/wp-json\/wp\/v2\/pages\/1138"}],"collection":[{"href":"https:\/\/rahabart.de\/de\/wp-json\/wp\/v2\/pages"}],"about":[{"href":"https:\/\/rahabart.de\/de\/wp-json\/wp\/v2\/types\/page"}],"author":[{"embeddable":true,"href":"https:\/\/rahabart.de\/de\/wp-json\/wp\/v2\/users\/1"}],"replies":[{"embeddable":true,"href":"https:\/\/rahabart.de\/de\/wp-json\/wp\/v2\/comments?post=1138"}],"version-history":[{"count":6,"href":"https:\/\/rahabart.de\/de\/wp-json\/wp\/v2\/pages\/1138\/revisions"}],"predecessor-version":[{"id":1181,"href":"https:\/\/rahabart.de\/de\/wp-json\/wp\/v2\/pages\/1138\/revisions\/1181"}],"wp:attachment":[{"href":"https:\/\/rahabart.de\/de\/wp-json\/wp\/v2\/media?parent=1138"}],"curies":[{"name":"wp","href":"https:\/\/api.w.org\/{rel}","templated":true}]}}