{"id":1137,"date":"2022-08-05T07:30:07","date_gmt":"2022-08-05T07:30:07","guid":{"rendered":"https:\/\/rahabart.de\/de\/?page_id=1137"},"modified":"2022-08-05T08:15:37","modified_gmt":"2022-08-05T08:15:37","slug":"duesseldorf-die-neuen-bbk","status":"publish","type":"page","link":"https:\/\/rahabart.de\/de\/duesseldorf-die-neuen-bbk\/","title":{"rendered":"D\u00fcsseldorf \u00a0Die Neuen BBK"},"content":{"rendered":"\n<p><strong>D\u00fcsseldorf &nbsp;Die Neuen BBK<\/strong><br><strong>\u00d6ffnungszeiten:<\/strong> von 16.09.2021 bis 03.10.2021<br><strong>Adresse: <\/strong>Birkenstr. 47, 40233 D\u00fcsseldorf<br>Mit 16 K\u00fcnstlern<\/p>\n\n\n<div class=\"wp-block-image\">\n<figure class=\"alignleft size-large is-resized\"><img fetchpriority=\"high\" src=\"https:\/\/rahabart.de\/de\/wp-content\/uploads\/2022\/08\/IMG_0397-1024x1015.jpg\" alt=\"\" class=\"wp-image-1145\" width=\"512\" height=\"508\" srcset=\"https:\/\/rahabart.de\/de\/wp-content\/uploads\/2022\/08\/IMG_0397-1024x1015.jpg 1024w, https:\/\/rahabart.de\/de\/wp-content\/uploads\/2022\/08\/IMG_0397-300x297.jpg 300w, https:\/\/rahabart.de\/de\/wp-content\/uploads\/2022\/08\/IMG_0397-768x761.jpg 768w, https:\/\/rahabart.de\/de\/wp-content\/uploads\/2022\/08\/IMG_0397.jpg 1125w\" sizes=\"(max-width: 512px) 100vw, 512px\" \/><\/figure><\/div>\n\n\n<div style=\"height:50px\" aria-hidden=\"true\" class=\"wp-block-spacer\"><\/div>\n","protected":false},"excerpt":{"rendered":"<p>D\u00fcsseldorf &nbsp;Die Neuen BBK\u00d6ffnungszeiten: von 16.09.2021 bis 03.10.2021Adresse: Birkenstr. 47, 40233 D\u00fcsseldorfMit 16 K\u00fcnstlern<\/p>\n","protected":false},"author":1,"featured_media":0,"parent":0,"menu_order":0,"comment_status":"closed","ping_status":"closed","template":"","meta":{"_mi_skip_tracking":false},"_links":{"self":[{"href":"https:\/\/rahabart.de\/de\/wp-json\/wp\/v2\/pages\/1137"}],"collection":[{"href":"https:\/\/rahabart.de\/de\/wp-json\/wp\/v2\/pages"}],"about":[{"href":"https:\/\/rahabart.de\/de\/wp-json\/wp\/v2\/types\/page"}],"author":[{"embeddable":true,"href":"https:\/\/rahabart.de\/de\/wp-json\/wp\/v2\/users\/1"}],"replies":[{"embeddable":true,"href":"https:\/\/rahabart.de\/de\/wp-json\/wp\/v2\/comments?post=1137"}],"version-history":[{"count":3,"href":"https:\/\/rahabart.de\/de\/wp-json\/wp\/v2\/pages\/1137\/revisions"}],"predecessor-version":[{"id":1182,"href":"https:\/\/rahabart.de\/de\/wp-json\/wp\/v2\/pages\/1137\/revisions\/1182"}],"wp:attachment":[{"href":"https:\/\/rahabart.de\/de\/wp-json\/wp\/v2\/media?parent=1137"}],"curies":[{"name":"wp","href":"https:\/\/api.w.org\/{rel}","templated":true}]}}