{"id":1136,"date":"2022-08-05T07:29:13","date_gmt":"2022-08-05T07:29:13","guid":{"rendered":"https:\/\/rahabart.de\/de\/?page_id=1136"},"modified":"2022-08-05T08:15:54","modified_gmt":"2022-08-05T08:15:54","slug":"2021-winterkunst-bbk","status":"publish","type":"page","link":"https:\/\/rahabart.de\/de\/2021-winterkunst-bbk\/","title":{"rendered":"2021 Winterkunst bbk"},"content":{"rendered":"\n<p><strong>2021 Winterkunst bbk <\/strong><br><strong>\u00d6ffnungszeiten:<\/strong> von 09.12.2021 bis 09.01.2022<br><strong>Adresse:<\/strong> Birkenstr. 47, 40233 D\u00fcsseldorf<br>Mit 62 K\u00fcnstlern<\/p>\n\n\n<div class=\"wp-block-image\">\n<figure class=\"alignleft size-large is-resized\"><img fetchpriority=\"high\" src=\"https:\/\/rahabart.de\/de\/wp-content\/uploads\/2022\/08\/IMG_0399-1024x992.jpg\" alt=\"\" class=\"wp-image-1143\" width=\"512\" height=\"496\" srcset=\"https:\/\/rahabart.de\/de\/wp-content\/uploads\/2022\/08\/IMG_0399-1024x992.jpg 1024w, https:\/\/rahabart.de\/de\/wp-content\/uploads\/2022\/08\/IMG_0399-300x291.jpg 300w, https:\/\/rahabart.de\/de\/wp-content\/uploads\/2022\/08\/IMG_0399-768x744.jpg 768w, https:\/\/rahabart.de\/de\/wp-content\/uploads\/2022\/08\/IMG_0399.jpg 1125w\" sizes=\"(max-width: 512px) 100vw, 512px\" \/><\/figure><\/div>\n\n\n<div style=\"height:50px\" aria-hidden=\"true\" class=\"wp-block-spacer\"><\/div>\n","protected":false},"excerpt":{"rendered":"<p>2021 Winterkunst bbk \u00d6ffnungszeiten: von 09.12.2021 bis 09.01.2022Adresse: Birkenstr. 47, 40233 D\u00fcsseldorfMit 62 K\u00fcnstlern<\/p>\n","protected":false},"author":1,"featured_media":0,"parent":0,"menu_order":0,"comment_status":"closed","ping_status":"closed","template":"","meta":{"_mi_skip_tracking":false},"_links":{"self":[{"href":"https:\/\/rahabart.de\/de\/wp-json\/wp\/v2\/pages\/1136"}],"collection":[{"href":"https:\/\/rahabart.de\/de\/wp-json\/wp\/v2\/pages"}],"about":[{"href":"https:\/\/rahabart.de\/de\/wp-json\/wp\/v2\/types\/page"}],"author":[{"embeddable":true,"href":"https:\/\/rahabart.de\/de\/wp-json\/wp\/v2\/users\/1"}],"replies":[{"embeddable":true,"href":"https:\/\/rahabart.de\/de\/wp-json\/wp\/v2\/comments?post=1136"}],"version-history":[{"count":3,"href":"https:\/\/rahabart.de\/de\/wp-json\/wp\/v2\/pages\/1136\/revisions"}],"predecessor-version":[{"id":1183,"href":"https:\/\/rahabart.de\/de\/wp-json\/wp\/v2\/pages\/1136\/revisions\/1183"}],"wp:attachment":[{"href":"https:\/\/rahabart.de\/de\/wp-json\/wp\/v2\/media?parent=1136"}],"curies":[{"name":"wp","href":"https:\/\/api.w.org\/{rel}","templated":true}]}}