{"id":1135,"date":"2022-08-05T07:28:11","date_gmt":"2022-08-05T07:28:11","guid":{"rendered":"https:\/\/rahabart.de\/de\/?page_id=1135"},"modified":"2022-08-05T08:16:20","modified_gmt":"2022-08-05T08:16:20","slug":"kunst-am-fluss-kuenstlerinnen-duesseldorf-2022","status":"publish","type":"page","link":"https:\/\/rahabart.de\/de\/kunst-am-fluss-kuenstlerinnen-duesseldorf-2022\/","title":{"rendered":"Kunst am Fluss, k\u00fcnstlerinnen D\u00fcsseldorf 2022"},"content":{"rendered":"\n<p><strong>Kunst am Fluss, k\u00fcnstlerinnen D\u00fcsseldorf 2022<\/strong><br><strong>\u00d6ffnungszeiten:<\/strong> von 09.12.2021 bis 09.01.2022<br><strong>Adresse: <\/strong>Reisholzer Werftstr. 77, Kunsthalle Werft77 D\u00fcsseldorf<br>Mit 35 K\u00fcnstlern<\/p>\n\n\n<div class=\"wp-block-image\">\n<figure class=\"alignleft size-full is-resized\"><img fetchpriority=\"high\" src=\"https:\/\/rahabart.de\/de\/wp-content\/uploads\/2022\/08\/Einladung_online-neu2_Kunst_am_Fluss8-Kopie.jpg\" alt=\"\" class=\"wp-image-1141\" width=\"425\" height=\"425\" srcset=\"https:\/\/rahabart.de\/de\/wp-content\/uploads\/2022\/08\/Einladung_online-neu2_Kunst_am_Fluss8-Kopie.jpg 850w, https:\/\/rahabart.de\/de\/wp-content\/uploads\/2022\/08\/Einladung_online-neu2_Kunst_am_Fluss8-Kopie-300x300.jpg 300w, https:\/\/rahabart.de\/de\/wp-content\/uploads\/2022\/08\/Einladung_online-neu2_Kunst_am_Fluss8-Kopie-200x200.jpg 200w, https:\/\/rahabart.de\/de\/wp-content\/uploads\/2022\/08\/Einladung_online-neu2_Kunst_am_Fluss8-Kopie-768x768.jpg 768w, https:\/\/rahabart.de\/de\/wp-content\/uploads\/2022\/08\/Einladung_online-neu2_Kunst_am_Fluss8-Kopie-600x600.jpg 600w\" sizes=\"(max-width: 425px) 100vw, 425px\" \/><\/figure><\/div>\n\n\n<div style=\"height:50px\" aria-hidden=\"true\" class=\"wp-block-spacer\"><\/div>\n","protected":false},"excerpt":{"rendered":"<p>Kunst am Fluss, k\u00fcnstlerinnen D\u00fcsseldorf 2022\u00d6ffnungszeiten: von 09.12.2021 bis 09.01.2022Adresse: Reisholzer Werftstr. 77, Kunsthalle Werft77 D\u00fcsseldorfMit 35 K\u00fcnstlern<\/p>\n","protected":false},"author":1,"featured_media":0,"parent":0,"menu_order":0,"comment_status":"closed","ping_status":"closed","template":"","meta":{"_mi_skip_tracking":false},"_links":{"self":[{"href":"https:\/\/rahabart.de\/de\/wp-json\/wp\/v2\/pages\/1135"}],"collection":[{"href":"https:\/\/rahabart.de\/de\/wp-json\/wp\/v2\/pages"}],"about":[{"href":"https:\/\/rahabart.de\/de\/wp-json\/wp\/v2\/types\/page"}],"author":[{"embeddable":true,"href":"https:\/\/rahabart.de\/de\/wp-json\/wp\/v2\/users\/1"}],"replies":[{"embeddable":true,"href":"https:\/\/rahabart.de\/de\/wp-json\/wp\/v2\/comments?post=1135"}],"version-history":[{"count":3,"href":"https:\/\/rahabart.de\/de\/wp-json\/wp\/v2\/pages\/1135\/revisions"}],"predecessor-version":[{"id":1184,"href":"https:\/\/rahabart.de\/de\/wp-json\/wp\/v2\/pages\/1135\/revisions\/1184"}],"wp:attachment":[{"href":"https:\/\/rahabart.de\/de\/wp-json\/wp\/v2\/media?parent=1135"}],"curies":[{"name":"wp","href":"https:\/\/api.w.org\/{rel}","templated":true}]}}