{"id":1134,"date":"2022-08-05T07:26:48","date_gmt":"2022-08-05T07:26:48","guid":{"rendered":"https:\/\/rahabart.de\/de\/?page_id=1134"},"modified":"2022-08-05T08:16:46","modified_gmt":"2022-08-05T08:16:46","slug":"2022-koe-106-kunst-musik-performance","status":"publish","type":"page","link":"https:\/\/rahabart.de\/de\/2022-koe-106-kunst-musik-performance\/","title":{"rendered":"2022 K\u00f6 106 Kunst- Musik- Performance"},"content":{"rendered":"\n<p><strong>2022 K\u00f6 106 Kunst- Musik- Performance <\/strong><br><strong>\u00d6ffnungszeiten: <\/strong>von 14.05.2022 bis 24.06.2022<br><strong>Adresse:<\/strong> K\u00f6nigsallee 106, 40215 D\u00fcsseldorf<br><strong>Mit<\/strong>: 18 K\u00fcnstlern<\/p>\n\n\n<div class=\"wp-block-image\">\n<figure class=\"alignleft size-large is-resized\"><img fetchpriority=\"high\" src=\"https:\/\/rahabart.de\/de\/wp-content\/uploads\/2022\/08\/Gehwegaufsteller-Kunstraum-KOE106_allgemein_Passer-Kopie-739x1024.jpg\" alt=\"\" class=\"wp-image-1139\" width=\"370\" height=\"512\" srcset=\"https:\/\/rahabart.de\/de\/wp-content\/uploads\/2022\/08\/Gehwegaufsteller-Kunstraum-KOE106_allgemein_Passer-Kopie-739x1024.jpg 739w, https:\/\/rahabart.de\/de\/wp-content\/uploads\/2022\/08\/Gehwegaufsteller-Kunstraum-KOE106_allgemein_Passer-Kopie-217x300.jpg 217w, https:\/\/rahabart.de\/de\/wp-content\/uploads\/2022\/08\/Gehwegaufsteller-Kunstraum-KOE106_allgemein_Passer-Kopie-768x1064.jpg 768w, https:\/\/rahabart.de\/de\/wp-content\/uploads\/2022\/08\/Gehwegaufsteller-Kunstraum-KOE106_allgemein_Passer-Kopie-1109x1536.jpg 1109w, https:\/\/rahabart.de\/de\/wp-content\/uploads\/2022\/08\/Gehwegaufsteller-Kunstraum-KOE106_allgemein_Passer-Kopie-1478x2048.jpg 1478w, https:\/\/rahabart.de\/de\/wp-content\/uploads\/2022\/08\/Gehwegaufsteller-Kunstraum-KOE106_allgemein_Passer-Kopie.jpg 1500w\" sizes=\"(max-width: 370px) 100vw, 370px\" \/><\/figure><\/div>\n\n\n<div style=\"height:50px\" aria-hidden=\"true\" class=\"wp-block-spacer\"><\/div>\n","protected":false},"excerpt":{"rendered":"<p>2022 K\u00f6 106 Kunst- Musik- Performance \u00d6ffnungszeiten: von 14.05.2022 bis 24.06.2022Adresse: K\u00f6nigsallee 106, 40215 D\u00fcsseldorfMit: 18 K\u00fcnstlern<\/p>\n","protected":false},"author":1,"featured_media":0,"parent":0,"menu_order":0,"comment_status":"closed","ping_status":"closed","template":"","meta":{"_mi_skip_tracking":false},"_links":{"self":[{"href":"https:\/\/rahabart.de\/de\/wp-json\/wp\/v2\/pages\/1134"}],"collection":[{"href":"https:\/\/rahabart.de\/de\/wp-json\/wp\/v2\/pages"}],"about":[{"href":"https:\/\/rahabart.de\/de\/wp-json\/wp\/v2\/types\/page"}],"author":[{"embeddable":true,"href":"https:\/\/rahabart.de\/de\/wp-json\/wp\/v2\/users\/1"}],"replies":[{"embeddable":true,"href":"https:\/\/rahabart.de\/de\/wp-json\/wp\/v2\/comments?post=1134"}],"version-history":[{"count":3,"href":"https:\/\/rahabart.de\/de\/wp-json\/wp\/v2\/pages\/1134\/revisions"}],"predecessor-version":[{"id":1185,"href":"https:\/\/rahabart.de\/de\/wp-json\/wp\/v2\/pages\/1134\/revisions\/1185"}],"wp:attachment":[{"href":"https:\/\/rahabart.de\/de\/wp-json\/wp\/v2\/media?parent=1134"}],"curies":[{"name":"wp","href":"https:\/\/api.w.org\/{rel}","templated":true}]}}