{"id":1131,"date":"2022-08-05T07:24:30","date_gmt":"2022-08-05T07:24:30","guid":{"rendered":"https:\/\/rahabart.de\/de\/?page_id=1131"},"modified":"2022-08-05T08:17:04","modified_gmt":"2022-08-05T08:17:04","slug":"kunst-punkte-norden-2021-bbk-duesseldorf","status":"publish","type":"page","link":"https:\/\/rahabart.de\/de\/kunst-punkte-norden-2021-bbk-duesseldorf\/","title":{"rendered":"Kunst punkte (Norden) 2021, BBK D\u00fcsseldorf"},"content":{"rendered":"\n<p><strong>Kunst punkte (Norden) 2021, BBK D\u00fcsseldorf<\/strong><br><strong>\u00d6ffnungszeiten:<\/strong> von 28.8.2021 bis 29.08.2021<br><strong>Adresse: <\/strong>Birkenstr. 47, 40233 D\u00fcsseldorf<br><strong>Mit<\/strong>: 56 K\u00fcnstlern<\/p>\n\n\n<div class=\"wp-block-image\">\n<figure class=\"alignleft size-large is-resized\"><img fetchpriority=\"high\" src=\"https:\/\/rahabart.de\/de\/wp-content\/uploads\/2022\/08\/IMG_3343-Kopie-743x1024.jpg\" alt=\"\" class=\"wp-image-1132\" width=\"372\" height=\"512\" srcset=\"https:\/\/rahabart.de\/de\/wp-content\/uploads\/2022\/08\/IMG_3343-Kopie-743x1024.jpg 743w, https:\/\/rahabart.de\/de\/wp-content\/uploads\/2022\/08\/IMG_3343-Kopie-218x300.jpg 218w, https:\/\/rahabart.de\/de\/wp-content\/uploads\/2022\/08\/IMG_3343-Kopie-768x1058.jpg 768w, https:\/\/rahabart.de\/de\/wp-content\/uploads\/2022\/08\/IMG_3343-Kopie-1115x1536.jpg 1115w, https:\/\/rahabart.de\/de\/wp-content\/uploads\/2022\/08\/IMG_3343-Kopie.jpg 1125w\" sizes=\"(max-width: 372px) 100vw, 372px\" \/><\/figure><\/div>\n\n\n<div style=\"height:50px\" aria-hidden=\"true\" class=\"wp-block-spacer\"><\/div>\n","protected":false},"excerpt":{"rendered":"<p>Kunst punkte (Norden) 2021, BBK D\u00fcsseldorf\u00d6ffnungszeiten: von 28.8.2021 bis 29.08.2021Adresse: Birkenstr. 47, 40233 D\u00fcsseldorfMit: 56 K\u00fcnstlern<\/p>\n","protected":false},"author":1,"featured_media":0,"parent":0,"menu_order":0,"comment_status":"closed","ping_status":"closed","template":"","meta":{"_mi_skip_tracking":false},"_links":{"self":[{"href":"https:\/\/rahabart.de\/de\/wp-json\/wp\/v2\/pages\/1131"}],"collection":[{"href":"https:\/\/rahabart.de\/de\/wp-json\/wp\/v2\/pages"}],"about":[{"href":"https:\/\/rahabart.de\/de\/wp-json\/wp\/v2\/types\/page"}],"author":[{"embeddable":true,"href":"https:\/\/rahabart.de\/de\/wp-json\/wp\/v2\/users\/1"}],"replies":[{"embeddable":true,"href":"https:\/\/rahabart.de\/de\/wp-json\/wp\/v2\/comments?post=1131"}],"version-history":[{"count":3,"href":"https:\/\/rahabart.de\/de\/wp-json\/wp\/v2\/pages\/1131\/revisions"}],"predecessor-version":[{"id":1186,"href":"https:\/\/rahabart.de\/de\/wp-json\/wp\/v2\/pages\/1131\/revisions\/1186"}],"wp:attachment":[{"href":"https:\/\/rahabart.de\/de\/wp-json\/wp\/v2\/media?parent=1131"}],"curies":[{"name":"wp","href":"https:\/\/api.w.org\/{rel}","templated":true}]}}