{"id":106,"date":"2020-01-12T18:02:31","date_gmt":"2020-01-12T18:02:31","guid":{"rendered":"http:\/\/rahabart.de\/de\/?page_id=106"},"modified":"2022-03-12T15:50:45","modified_gmt":"2022-03-12T15:50:45","slug":"taleghani-bruecke-karaj","status":"publish","type":"page","link":"https:\/\/rahabart.de\/de\/projekte\/taleghani-bruecke-karaj\/","title":{"rendered":"Taleghani Br\u00fccke-Karaj"},"content":{"rendered":"\n<p><strong>Projektname<\/strong>: \u201eTaleghani\u201c unter einer Br\u00fccke<br><strong>Projektort<\/strong>: Im Versch\u00f6nerungsvertrag der Stadt Karaj<br>Gruppenzusammenarbeit: Baniye Tarahan Alborz<br><strong>Ausf\u00fchrungszeit:<\/strong> 2011<br><strong>Projektbereich:<\/strong> 3500 Quadratmeter<\/p>\n\n\n\n<figure class=\"wp-container-2 wp-block-gallery-1 wp-block-gallery has-nested-images columns-5 is-cropped\">\n<figure class=\"wp-block-image size-large\"><img fetchpriority=\"high\" width=\"1024\" height=\"990\" data-id=\"107\"  src=\"http:\/\/rahabart.de\/de\/wp-content\/uploads\/2020\/01\/photo_2020-01-09_17-07-42-1024x990.jpg\" alt=\"\" class=\"wp-image-107\" srcset=\"https:\/\/rahabart.de\/de\/wp-content\/uploads\/2020\/01\/photo_2020-01-09_17-07-42-1024x990.jpg 1024w, https:\/\/rahabart.de\/de\/wp-content\/uploads\/2020\/01\/photo_2020-01-09_17-07-42-300x290.jpg 300w, https:\/\/rahabart.de\/de\/wp-content\/uploads\/2020\/01\/photo_2020-01-09_17-07-42-768x743.jpg 768w, https:\/\/rahabart.de\/de\/wp-content\/uploads\/2020\/01\/photo_2020-01-09_17-07-42.jpg 1125w\" sizes=\"(max-width: 1024px) 100vw, 1024px\" \/><figcaption> Taleghani Br\u00fccke-Karaj <\/figcaption><\/figure>\n\n\n\n<figure class=\"wp-block-image size-large\"><img width=\"826\" height=\"1024\" data-id=\"108\"  src=\"http:\/\/rahabart.de\/de\/wp-content\/uploads\/2020\/01\/photo_2020-01-09_17-07-49-826x1024.jpg\" alt=\"\" class=\"wp-image-108\" srcset=\"https:\/\/rahabart.de\/de\/wp-content\/uploads\/2020\/01\/photo_2020-01-09_17-07-49-826x1024.jpg 826w, https:\/\/rahabart.de\/de\/wp-content\/uploads\/2020\/01\/photo_2020-01-09_17-07-49-242x300.jpg 242w, https:\/\/rahabart.de\/de\/wp-content\/uploads\/2020\/01\/photo_2020-01-09_17-07-49-768x953.jpg 768w, https:\/\/rahabart.de\/de\/wp-content\/uploads\/2020\/01\/photo_2020-01-09_17-07-49.jpg 1032w\" sizes=\"(max-width: 826px) 100vw, 826px\" \/><figcaption> Taleghani Br\u00fccke-Karaj<\/figcaption><\/figure>\n\n\n\n<figure class=\"wp-block-image size-large\"><img width=\"852\" height=\"1024\" data-id=\"109\"  src=\"http:\/\/rahabart.de\/de\/wp-content\/uploads\/2020\/01\/photo_2020-01-09_17-07-51-852x1024.jpg\" alt=\"\" class=\"wp-image-109\" srcset=\"https:\/\/rahabart.de\/de\/wp-content\/uploads\/2020\/01\/photo_2020-01-09_17-07-51-852x1024.jpg 852w, https:\/\/rahabart.de\/de\/wp-content\/uploads\/2020\/01\/photo_2020-01-09_17-07-51-250x300.jpg 250w, https:\/\/rahabart.de\/de\/wp-content\/uploads\/2020\/01\/photo_2020-01-09_17-07-51-768x923.jpg 768w, https:\/\/rahabart.de\/de\/wp-content\/uploads\/2020\/01\/photo_2020-01-09_17-07-51.jpg 1065w\" sizes=\"(max-width: 852px) 100vw, 852px\" \/><figcaption> Taleghani Br\u00fccke-Karaj<\/figcaption><\/figure>\n\n\n\n<figure class=\"wp-block-image size-large\"><img loading=\"lazy\" width=\"1024\" height=\"1014\" data-id=\"110\"  src=\"http:\/\/rahabart.de\/de\/wp-content\/uploads\/2020\/01\/photo_2020-01-09_17-07-54-1024x1014.jpg\" alt=\"\" class=\"wp-image-110\" srcset=\"https:\/\/rahabart.de\/de\/wp-content\/uploads\/2020\/01\/photo_2020-01-09_17-07-54-1024x1014.jpg 1024w, https:\/\/rahabart.de\/de\/wp-content\/uploads\/2020\/01\/photo_2020-01-09_17-07-54-300x297.jpg 300w, https:\/\/rahabart.de\/de\/wp-content\/uploads\/2020\/01\/photo_2020-01-09_17-07-54-150x150.jpg 150w, https:\/\/rahabart.de\/de\/wp-content\/uploads\/2020\/01\/photo_2020-01-09_17-07-54-768x760.jpg 768w, https:\/\/rahabart.de\/de\/wp-content\/uploads\/2020\/01\/photo_2020-01-09_17-07-54.jpg 1125w\" sizes=\"(max-width: 1024px) 100vw, 1024px\" \/><figcaption>Taleghani Br\u00fccke-Karaj<\/figcaption><\/figure>\n\n\n\n<figure class=\"wp-block-image size-large\"><img loading=\"lazy\" width=\"1019\" height=\"667\" data-id=\"111\"  src=\"http:\/\/rahabart.de\/de\/wp-content\/uploads\/2020\/01\/photo_2020-01-09_17-07-57.jpg\" alt=\"\" class=\"wp-image-111\" srcset=\"https:\/\/rahabart.de\/de\/wp-content\/uploads\/2020\/01\/photo_2020-01-09_17-07-57.jpg 1019w, https:\/\/rahabart.de\/de\/wp-content\/uploads\/2020\/01\/photo_2020-01-09_17-07-57-300x196.jpg 300w, https:\/\/rahabart.de\/de\/wp-content\/uploads\/2020\/01\/photo_2020-01-09_17-07-57-768x503.jpg 768w\" sizes=\"(max-width: 1019px) 100vw, 1019px\" \/><figcaption>Taleghani Br\u00fccke-Karaj<\/figcaption><\/figure>\n\n\n\n<figure class=\"wp-block-image size-large\"><img loading=\"lazy\" width=\"1024\" height=\"1003\" data-id=\"112\"  src=\"http:\/\/rahabart.de\/de\/wp-content\/uploads\/2020\/01\/photo_2020-01-09_17-08-00-1024x1003.jpg\" alt=\"\" class=\"wp-image-112\" srcset=\"https:\/\/rahabart.de\/de\/wp-content\/uploads\/2020\/01\/photo_2020-01-09_17-08-00-1024x1003.jpg 1024w, https:\/\/rahabart.de\/de\/wp-content\/uploads\/2020\/01\/photo_2020-01-09_17-08-00-300x294.jpg 300w, https:\/\/rahabart.de\/de\/wp-content\/uploads\/2020\/01\/photo_2020-01-09_17-08-00-768x752.jpg 768w, https:\/\/rahabart.de\/de\/wp-content\/uploads\/2020\/01\/photo_2020-01-09_17-08-00.jpg 1059w\" sizes=\"(max-width: 1024px) 100vw, 1024px\" \/><figcaption>Taleghani Br\u00fccke-Karaj<\/figcaption><\/figure>\n\n\n\n<figure class=\"wp-block-image size-large\"><img loading=\"lazy\" width=\"1024\" height=\"939\" data-id=\"113\"  src=\"http:\/\/rahabart.de\/de\/wp-content\/uploads\/2020\/01\/photo_2020-01-09_17-08-05-1024x939.jpg\" alt=\"\" class=\"wp-image-113\" srcset=\"https:\/\/rahabart.de\/de\/wp-content\/uploads\/2020\/01\/photo_2020-01-09_17-08-05-1024x939.jpg 1024w, https:\/\/rahabart.de\/de\/wp-content\/uploads\/2020\/01\/photo_2020-01-09_17-08-05-300x275.jpg 300w, https:\/\/rahabart.de\/de\/wp-content\/uploads\/2020\/01\/photo_2020-01-09_17-08-05-768x705.jpg 768w, https:\/\/rahabart.de\/de\/wp-content\/uploads\/2020\/01\/photo_2020-01-09_17-08-05.jpg 1125w\" sizes=\"(max-width: 1024px) 100vw, 1024px\" \/><figcaption>Taleghani Br\u00fccke-Karaj<\/figcaption><\/figure>\n\n\n\n<figure class=\"wp-block-image size-large\"><img loading=\"lazy\" width=\"1024\" height=\"999\" data-id=\"114\"  src=\"http:\/\/rahabart.de\/de\/wp-content\/uploads\/2020\/01\/photo_2020-01-09_17-08-07-1024x999.jpg\" alt=\"\" class=\"wp-image-114\" srcset=\"https:\/\/rahabart.de\/de\/wp-content\/uploads\/2020\/01\/photo_2020-01-09_17-08-07-1024x999.jpg 1024w, https:\/\/rahabart.de\/de\/wp-content\/uploads\/2020\/01\/photo_2020-01-09_17-08-07-300x293.jpg 300w, https:\/\/rahabart.de\/de\/wp-content\/uploads\/2020\/01\/photo_2020-01-09_17-08-07-768x749.jpg 768w, https:\/\/rahabart.de\/de\/wp-content\/uploads\/2020\/01\/photo_2020-01-09_17-08-07.jpg 1125w\" sizes=\"(max-width: 1024px) 100vw, 1024px\" \/><figcaption>Taleghani Br\u00fccke-Karaj<\/figcaption><\/figure>\n\n\n\n<figure class=\"wp-block-image size-large\"><img loading=\"lazy\" width=\"1024\" height=\"1021\" data-id=\"115\"  src=\"http:\/\/rahabart.de\/de\/wp-content\/uploads\/2020\/01\/photo_2020-01-09_17-08-10-1024x1021.jpg\" alt=\"\" class=\"wp-image-115\" srcset=\"https:\/\/rahabart.de\/de\/wp-content\/uploads\/2020\/01\/photo_2020-01-09_17-08-10-1024x1021.jpg 1024w, https:\/\/rahabart.de\/de\/wp-content\/uploads\/2020\/01\/photo_2020-01-09_17-08-10-300x300.jpg 300w, https:\/\/rahabart.de\/de\/wp-content\/uploads\/2020\/01\/photo_2020-01-09_17-08-10-150x150.jpg 150w, https:\/\/rahabart.de\/de\/wp-content\/uploads\/2020\/01\/photo_2020-01-09_17-08-10-768x766.jpg 768w, https:\/\/rahabart.de\/de\/wp-content\/uploads\/2020\/01\/photo_2020-01-09_17-08-10.jpg 1114w\" sizes=\"(max-width: 1024px) 100vw, 1024px\" \/><figcaption>Taleghani Br\u00fccke-Karaj<\/figcaption><\/figure>\n<\/figure>\n\n\n\n<p><strong>Projektbeschreibung:<\/strong>&nbsp;Dieses Projekt erinnert an traditionelle iranische Kunst. Iranische Teppiche, Weberei, Malerei und viele andere Kunstwerke sind in dieser Arbeit enthalten. In der Art und Weise, wie sie der zeitgen\u00f6ssischen Kunst des Iran entspricht, wurden die kulturellen Merkmale des Iran vorgestellt. Die iranische Flagge ist in dieser Arbeit zu sehen.<\/p>\n","protected":false},"excerpt":{"rendered":"<p>Projektname: \u201eTaleghani\u201c unter einer Br\u00fcckeProjektort: Im Versch\u00f6nerungsvertrag der Stadt KarajGruppenzusammenarbeit: Baniye Tarahan AlborzAusf\u00fchrungszeit: 2011Projektbereich: 3500 Quadratmeter Projektbeschreibung:&nbsp;Dieses Projekt erinnert an traditionelle iranische Kunst. Iranische Teppiche, Weberei, Malerei und viele andere Kunstwerke sind in dieser Arbeit enthalten. In der Art und Weise, wie sie der zeitgen\u00f6ssischen Kunst des Iran entspricht, wurden die kulturellen Merkmale des Iran&hellip;<\/p>\n","protected":false},"author":1,"featured_media":0,"parent":579,"menu_order":0,"comment_status":"closed","ping_status":"closed","template":"","meta":{"_mi_skip_tracking":false},"_links":{"self":[{"href":"https:\/\/rahabart.de\/de\/wp-json\/wp\/v2\/pages\/106"}],"collection":[{"href":"https:\/\/rahabart.de\/de\/wp-json\/wp\/v2\/pages"}],"about":[{"href":"https:\/\/rahabart.de\/de\/wp-json\/wp\/v2\/types\/page"}],"author":[{"embeddable":true,"href":"https:\/\/rahabart.de\/de\/wp-json\/wp\/v2\/users\/1"}],"replies":[{"embeddable":true,"href":"https:\/\/rahabart.de\/de\/wp-json\/wp\/v2\/comments?post=106"}],"version-history":[{"count":7,"href":"https:\/\/rahabart.de\/de\/wp-json\/wp\/v2\/pages\/106\/revisions"}],"predecessor-version":[{"id":1025,"href":"https:\/\/rahabart.de\/de\/wp-json\/wp\/v2\/pages\/106\/revisions\/1025"}],"up":[{"embeddable":true,"href":"https:\/\/rahabart.de\/de\/wp-json\/wp\/v2\/pages\/579"}],"wp:attachment":[{"href":"https:\/\/rahabart.de\/de\/wp-json\/wp\/v2\/media?parent=106"}],"curies":[{"name":"wp","href":"https:\/\/api.w.org\/{rel}","templated":true}]}}